{"id":2584,"date":"2025-07-08T15:10:02","date_gmt":"2025-07-08T19:10:02","guid":{"rendered":"https:\/\/goshensocceracademy.com\/acerca-de-la-academia-de-futbol-de-goshen\/"},"modified":"2025-07-08T15:10:06","modified_gmt":"2025-07-08T19:10:06","slug":"acerca-de-la-academia-de-futbol-de-goshen","status":"publish","type":"page","link":"https:\/\/goshensocceracademy.com\/es\/acerca-de-la-academia-de-futbol-de-goshen\/","title":{"rendered":"Acerca de la Academia de F\u00fatbol de Goshen"},"content":{"rendered":"<p><div class=\"fusion-fullwidth fullwidth-box fusion-builder-row-1 fusion-flex-container fusion-parallax-none nonhundred-percent-fullwidth non-hundred-percent-height-scrolling\" style=\"--awb-background-position:left top;--awb-background-blend-mode:overlay;--awb-border-radius-top-left:0px;--awb-border-radius-top-right:0px;--awb-border-radius-bottom-right:0px;--awb-border-radius-bottom-left:0px;--awb-padding-top:6%;--awb-padding-bottom:6%;--awb-background-color:hsla(var(--awb-color5-h),var(--awb-color5-s),calc( var(--awb-color5-l) - 45% ),calc( var(--awb-color5-a) - 25% ));--awb-background-image:url(&quot;https:\/\/goshensocceracademy.com\/wp-content\/uploads\/2025\/04\/youth-soccer-in-goshen-indiana.jpg&quot;);--awb-background-size:cover;--awb-flex-wrap:wrap;\" ><div class=\"fusion-builder-row fusion-row fusion-flex-align-items-flex-start fusion-flex-content-wrap\" style=\"max-width:calc( 1200px + 0px );margin-left: calc(-0px \/ 2 );margin-right: calc(-0px \/ 2 );\"><div class=\"fusion-layout-column fusion_builder_column fusion-builder-column-0 fusion_builder_column_1_1 1_1 fusion-flex-column fusion-animated\" style=\"--awb-bg-size:cover;--awb-width-large:100%;--awb-margin-top-large:0px;--awb-spacing-right-large:0px;--awb-margin-bottom-large:0px;--awb-spacing-left-large:0px;--awb-width-medium:100%;--awb-spacing-right-medium:0px;--awb-spacing-left-medium:0px;--awb-width-small:100%;--awb-spacing-right-small:0px;--awb-spacing-left-small:0px;\" data-animationType=\"fadeInDown\" data-animationDuration=\"1.0\" data-animationOffset=\"top-into-view\"><div class=\"fusion-column-wrapper fusion-column-has-shadow fusion-flex-justify-content-flex-start fusion-content-layout-column\"><div class=\"fusion-title title fusion-title-1 fusion-sep-none fusion-title-center fusion-title-text fusion-title-size-one\" style=\"--awb-text-color:var(--awb-color1);--awb-margin-bottom:10px;--awb-font-size:3rem;\"><h1 class=\"fusion-title-heading title-heading-center\" style=\"margin:0;font-size:1em;line-height:1.1em;\">Acerca de la GSA<\/h1><\/div><div class=\"fusion-title title fusion-title-2 fusion-sep-none fusion-title-center fusion-title-text fusion-title-size-two\" style=\"--awb-text-color:var(--awb-color1);--awb-margin-bottom:0px;--awb-margin-bottom-small:0px;--awb-font-size:21px;\"><h2 class=\"fusion-title-heading title-heading-center\" style=\"margin:0;font-size:1em;\">Entra en la Academia de F\u00fatbol de Goshen para un entrenamiento deportivo de primera, ligas, juego abierto, eventos y alquiler de pistas cubiertas.<\/h2><\/div><\/div><\/div><\/div><\/div><div class=\"fusion-fullwidth fullwidth-box fusion-builder-row-2 fusion-flex-container has-pattern-background has-mask-background nonhundred-percent-fullwidth non-hundred-percent-height-scrolling\" style=\"--awb-border-radius-top-left:0px;--awb-border-radius-top-right:0px;--awb-border-radius-bottom-right:0px;--awb-border-radius-bottom-left:0px;--awb-padding-top:25px;--awb-padding-bottom:0px;--awb-flex-wrap:wrap;\" ><div class=\"fusion-builder-row fusion-row fusion-flex-align-items-flex-start fusion-flex-content-wrap\" style=\"max-width:1248px;margin-left: calc(-4% \/ 2 );margin-right: calc(-4% \/ 2 );\"><div class=\"fusion-layout-column fusion_builder_column fusion-builder-column-1 fusion_builder_column_1_1 1_1 fusion-flex-column\" style=\"--awb-bg-size:cover;--awb-width-large:100%;--awb-margin-top-large:0px;--awb-spacing-right-large:1.92%;--awb-margin-bottom-large:20px;--awb-spacing-left-large:1.92%;--awb-width-medium:100%;--awb-order-medium:0;--awb-spacing-right-medium:1.92%;--awb-spacing-left-medium:1.92%;--awb-width-small:100%;--awb-order-small:0;--awb-spacing-right-small:1.92%;--awb-spacing-left-small:1.92%;\"><div class=\"fusion-column-wrapper fusion-column-has-shadow fusion-flex-justify-content-flex-start fusion-content-layout-column\"><div class=\"fusion-image-element \" style=\"--awb-aspect-ratio:21 \/ 9;--awb-caption-title-font-family:var(--h2_typography-font-family);--awb-caption-title-font-weight:var(--h2_typography-font-weight);--awb-caption-title-font-style:var(--h2_typography-font-style);--awb-caption-title-size:var(--h2_typography-font-size);--awb-caption-title-transform:var(--h2_typography-text-transform);--awb-caption-title-line-height:var(--h2_typography-line-height);--awb-caption-title-letter-spacing:var(--h2_typography-letter-spacing);\"><span class=\" fusion-imageframe imageframe-none imageframe-1 hover-type-none has-aspect-ratio\" style=\"border-radius:20px;\"><img decoding=\"async\" width=\"2560\" height=\"1920\" alt=\"Complejo deportivo de Goshen\" title=\"IMG_6392\" src=\"https:\/\/goshensocceracademy.com\/wp-content\/uploads\/2025\/02\/IMG_6392-scaled.jpg\" class=\"img-responsive wp-image-1610 img-with-aspect-ratio\" data-parent-fit=\"cover\" data-parent-container=\".fusion-image-element\" srcset=\"https:\/\/goshensocceracademy.com\/wp-content\/uploads\/2025\/02\/IMG_6392-300x225.jpg 300w, https:\/\/goshensocceracademy.com\/wp-content\/uploads\/2025\/02\/IMG_6392-480x360.jpg 480w, https:\/\/goshensocceracademy.com\/wp-content\/uploads\/2025\/02\/IMG_6392-510x382.jpg 510w, https:\/\/goshensocceracademy.com\/wp-content\/uploads\/2025\/02\/IMG_6392-768x576.jpg 768w, https:\/\/goshensocceracademy.com\/wp-content\/uploads\/2025\/02\/IMG_6392-980x735.jpg 980w, https:\/\/goshensocceracademy.com\/wp-content\/uploads\/2025\/02\/IMG_6392-1024x768.jpg 1024w, https:\/\/goshensocceracademy.com\/wp-content\/uploads\/2025\/02\/IMG_6392-1080x810.jpg 1080w, https:\/\/goshensocceracademy.com\/wp-content\/uploads\/2025\/02\/IMG_6392-1280x960.jpg 1280w, https:\/\/goshensocceracademy.com\/wp-content\/uploads\/2025\/02\/IMG_6392-1536x1152.jpg 1536w, https:\/\/goshensocceracademy.com\/wp-content\/uploads\/2025\/02\/IMG_6392-scaled.jpg 2560w\" sizes=\"(max-width: 2560px) 100vw, 2560px\" \/><\/span><\/div><\/div><\/div><div class=\"fusion-layout-column fusion_builder_column fusion-builder-column-2 fusion_builder_column_1_1 1_1 fusion-flex-column fusion-flex-align-self-center\" style=\"--awb-bg-size:cover;--awb-width-large:100%;--awb-margin-top-large:0px;--awb-spacing-right-large:1.92%;--awb-margin-bottom-large:20px;--awb-spacing-left-large:1.92%;--awb-width-medium:100%;--awb-order-medium:0;--awb-spacing-right-medium:1.92%;--awb-spacing-left-medium:1.92%;--awb-width-small:100%;--awb-order-small:0;--awb-spacing-right-small:1.92%;--awb-spacing-left-small:1.92%;\"><div class=\"fusion-column-wrapper fusion-column-has-shadow fusion-flex-justify-content-flex-start fusion-content-layout-column\"><div class=\"fusion-title title fusion-title-3 fusion-sep-none fusion-title-text fusion-title-size-two\"><h2 class=\"fusion-title-heading title-heading-left\" style=\"margin:0;\">Acerca de GSA: Tu complejo deportivo local en Goshen<\/h2><\/div><div class=\"fusion-text fusion-text-1\"><p>Goshen Soccer Academy (GSA) es algo m\u00e1s que una instalaci\u00f3n deportiva cubierta: es un centro comunitario para atletas y familias de Goshen, Indiana. Nuestra historia comenz\u00f3 con una pasi\u00f3n por el deporte y un compromiso con la excelencia. En GSA, nos esforzamos por ofrecer un complejo de vanguardia que fomente el crecimiento deportivo, los estilos de vida saludables y el esp\u00edritu comunitario. Estamos orgullosos de ofrecer diversos programas que se adaptan a los deportes de j\u00f3venes y adultos, garantizando que cada miembro de nuestra comunidad pueda encontrar su deporte perfecto.   <\/p>\n<\/div><\/div><\/div><\/div><\/div><div class=\"fusion-fullwidth fullwidth-box fusion-builder-row-3 fusion-flex-container has-pattern-background has-mask-background nonhundred-percent-fullwidth non-hundred-percent-height-scrolling\" style=\"--awb-border-radius-top-left:0px;--awb-border-radius-top-right:0px;--awb-border-radius-bottom-right:0px;--awb-border-radius-bottom-left:0px;--awb-padding-top:96px;--awb-padding-bottom:96px;--awb-flex-wrap:wrap;\" ><div class=\"fusion-builder-row fusion-row fusion-flex-align-items-center fusion-flex-content-wrap\" style=\"max-width:1248px;margin-left: calc(-4% \/ 2 );margin-right: calc(-4% \/ 2 );\"><div class=\"fusion-layout-column fusion_builder_column fusion-builder-column-3 fusion_builder_column_1_2 1_2 fusion-flex-column fusion-flex-align-self-center\" style=\"--awb-bg-size:cover;--awb-width-large:50%;--awb-margin-top-large:0px;--awb-spacing-right-large:3.84%;--awb-margin-bottom-large:20px;--awb-spacing-left-large:3.84%;--awb-width-medium:50%;--awb-order-medium:0;--awb-spacing-right-medium:3.84%;--awb-spacing-left-medium:3.84%;--awb-width-small:100%;--awb-order-small:0;--awb-spacing-right-small:1.92%;--awb-spacing-left-small:1.92%;\"><div class=\"fusion-column-wrapper fusion-column-has-shadow fusion-flex-justify-content-flex-start fusion-content-layout-column\"><div class=\"fusion-title title fusion-title-4 fusion-sep-none fusion-title-text fusion-title-size-two\"><h2 class=\"fusion-title-heading title-heading-left\" style=\"margin:0;\">Nuestra historia: Construyendo un legado de excelencia en interiores<\/h2><\/div><div class=\"fusion-text fusion-text-2\"><p>Fundada en la creencia de que las instalaciones deportivas de calidad pueden transformar las comunidades, la GSA ha crecido hasta convertirse en el principal complejo deportivo de Goshen. Nuestra trayectoria est\u00e1 marcada por la innovaci\u00f3n, la dedicaci\u00f3n y un compromiso inquebrantable con nuestros miembros. Desde nuestros humildes comienzos hasta nuestras modernas instalaciones actuales, hemos evolucionado continuamente para satisfacer las necesidades de los atletas locales. Nuestra historia es la de la pasi\u00f3n, la perseverancia y la b\u00fasqueda incesante de la excelencia en los deportes de interior.   <\/p>\n<\/div><div ><a class=\"fusion-button button-flat fusion-button-default-size button-default fusion-button-default button-1 fusion-button-default-span fusion-button-default-type\" target=\"_self\"><span class=\"fusion-button-text awb-button__text awb-button__text--default\">\u00a1Invol\u00facrate hoy! Env\u00edanos un mensaje.<\/span><\/a><\/div><\/div><\/div><div class=\"fusion-layout-column fusion_builder_column fusion-builder-column-4 fusion_builder_column_1_2 1_2 fusion-flex-column\" style=\"--awb-bg-size:cover;--awb-width-large:50%;--awb-margin-top-large:0px;--awb-spacing-right-large:3.84%;--awb-margin-bottom-large:20px;--awb-spacing-left-large:3.84%;--awb-width-medium:50%;--awb-order-medium:0;--awb-spacing-right-medium:3.84%;--awb-spacing-left-medium:3.84%;--awb-width-small:100%;--awb-order-small:0;--awb-spacing-right-small:1.92%;--awb-spacing-left-small:1.92%;\"><div class=\"fusion-column-wrapper fusion-column-has-shadow fusion-flex-justify-content-flex-start fusion-content-layout-column\"><div class=\"fusion-image-element \" style=\"--awb-aspect-ratio:1 \/ 1;--awb-caption-title-font-family:var(--h2_typography-font-family);--awb-caption-title-font-weight:var(--h2_typography-font-weight);--awb-caption-title-font-style:var(--h2_typography-font-style);--awb-caption-title-size:var(--h2_typography-font-size);--awb-caption-title-transform:var(--h2_typography-text-transform);--awb-caption-title-line-height:var(--h2_typography-line-height);--awb-caption-title-letter-spacing:var(--h2_typography-letter-spacing);\"><span class=\" fusion-imageframe imageframe-none imageframe-2 hover-type-none has-aspect-ratio\" style=\"border-radius:20px;\"><img decoding=\"async\" width=\"1080\" height=\"720\" alt=\"Complejo deportivo de Goshen\" title=\"goshen-youth-soccer-match\" src=\"https:\/\/goshensocceracademy.com\/wp-content\/uploads\/2025\/04\/goshen-youth-soccer-match.jpg\" class=\"img-responsive wp-image-2259 img-with-aspect-ratio\" data-parent-fit=\"cover\" data-parent-container=\".fusion-image-element\" srcset=\"https:\/\/goshensocceracademy.com\/wp-content\/uploads\/2025\/04\/goshen-youth-soccer-match-200x133.jpg 200w, https:\/\/goshensocceracademy.com\/wp-content\/uploads\/2025\/04\/goshen-youth-soccer-match-400x267.jpg 400w, https:\/\/goshensocceracademy.com\/wp-content\/uploads\/2025\/04\/goshen-youth-soccer-match-600x400.jpg 600w, https:\/\/goshensocceracademy.com\/wp-content\/uploads\/2025\/04\/goshen-youth-soccer-match-800x533.jpg 800w, https:\/\/goshensocceracademy.com\/wp-content\/uploads\/2025\/04\/goshen-youth-soccer-match.jpg 1080w\" sizes=\"(max-width: 640px) 100vw, 600px\" \/><\/span><\/div><\/div><\/div><\/div><\/div><div class=\"fusion-fullwidth fullwidth-box fusion-builder-row-4 fusion-flex-container has-pattern-background has-mask-background nonhundred-percent-fullwidth non-hundred-percent-height-scrolling\" style=\"--awb-border-radius-top-left:0px;--awb-border-radius-top-right:0px;--awb-border-radius-bottom-right:0px;--awb-border-radius-bottom-left:0px;--awb-padding-top:96px;--awb-padding-bottom:96px;--awb-flex-wrap:wrap;\" ><div class=\"fusion-builder-row fusion-row fusion-flex-align-items-center fusion-flex-content-wrap\" style=\"max-width:1248px;margin-left: calc(-4% \/ 2 );margin-right: calc(-4% \/ 2 );\"><div class=\"fusion-layout-column fusion_builder_column fusion-builder-column-5 fusion_builder_column_1_2 1_2 fusion-flex-column\" style=\"--awb-bg-size:cover;--awb-width-large:50%;--awb-margin-top-large:0px;--awb-spacing-right-large:3.84%;--awb-margin-bottom-large:20px;--awb-spacing-left-large:3.84%;--awb-width-medium:50%;--awb-order-medium:0;--awb-spacing-right-medium:3.84%;--awb-spacing-left-medium:3.84%;--awb-width-small:100%;--awb-order-small:0;--awb-spacing-right-small:1.92%;--awb-spacing-left-small:1.92%;\"><div class=\"fusion-column-wrapper fusion-column-has-shadow fusion-flex-justify-content-flex-start fusion-content-layout-column\"><div class=\"fusion-image-element \" style=\"--awb-aspect-ratio:1 \/ 1;--awb-caption-title-font-family:var(--h2_typography-font-family);--awb-caption-title-font-weight:var(--h2_typography-font-weight);--awb-caption-title-font-style:var(--h2_typography-font-style);--awb-caption-title-size:var(--h2_typography-font-size);--awb-caption-title-transform:var(--h2_typography-text-transform);--awb-caption-title-line-height:var(--h2_typography-line-height);--awb-caption-title-letter-spacing:var(--h2_typography-letter-spacing);\"><span class=\" fusion-imageframe imageframe-none imageframe-3 hover-type-none has-aspect-ratio\" style=\"border-radius:20px;\"><img decoding=\"async\" width=\"1080\" height=\"720\" alt=\"Complejo deportivo de Goshen\" title=\"goshen-pickleball\" src=\"https:\/\/goshensocceracademy.com\/wp-content\/uploads\/2025\/04\/goshen-pickleball.jpg\" class=\"img-responsive wp-image-2266 img-with-aspect-ratio\" data-parent-fit=\"cover\" data-parent-container=\".fusion-image-element\" srcset=\"https:\/\/goshensocceracademy.com\/wp-content\/uploads\/2025\/04\/goshen-pickleball-200x133.jpg 200w, https:\/\/goshensocceracademy.com\/wp-content\/uploads\/2025\/04\/goshen-pickleball-400x267.jpg 400w, https:\/\/goshensocceracademy.com\/wp-content\/uploads\/2025\/04\/goshen-pickleball-600x400.jpg 600w, https:\/\/goshensocceracademy.com\/wp-content\/uploads\/2025\/04\/goshen-pickleball-800x533.jpg 800w, https:\/\/goshensocceracademy.com\/wp-content\/uploads\/2025\/04\/goshen-pickleball.jpg 1080w\" sizes=\"(max-width: 640px) 100vw, 600px\" \/><\/span><\/div><\/div><\/div><div class=\"fusion-layout-column fusion_builder_column fusion-builder-column-6 fusion_builder_column_1_2 1_2 fusion-flex-column fusion-flex-align-self-center\" style=\"--awb-bg-size:cover;--awb-width-large:50%;--awb-margin-top-large:0px;--awb-spacing-right-large:3.84%;--awb-margin-bottom-large:20px;--awb-spacing-left-large:3.84%;--awb-width-medium:50%;--awb-order-medium:0;--awb-spacing-right-medium:3.84%;--awb-spacing-left-medium:3.84%;--awb-width-small:100%;--awb-order-small:0;--awb-spacing-right-small:1.92%;--awb-spacing-left-small:1.92%;\"><div class=\"fusion-column-wrapper fusion-column-has-shadow fusion-flex-justify-content-flex-start fusion-content-layout-column\"><div class=\"fusion-title title fusion-title-5 fusion-sep-none fusion-title-text fusion-title-size-two\"><h2 class=\"fusion-title-heading title-heading-left\" style=\"margin:0;\">GSA: Innovando los deportes de interior en Goshen<\/h2><\/div><div class=\"fusion-text fusion-text-3\"><p>En GSA, nuestro compromiso con la excelencia impulsa todo lo que hacemos. Combinamos el dise\u00f1o moderno de las instalaciones con una programaci\u00f3n innovadora para crear un complejo deportivo cubierto que destaque en Goshen. Nuestro enfoque en la comunidad, la mejora continua y el entrenamiento atl\u00e9tico de alta calidad nos han convertido en un nombre de confianza para los entusiastas del deporte de toda la regi\u00f3n. Descubre c\u00f3mo nuestra pasi\u00f3n por el deporte y el servicio a la comunidad siguen dando forma a nuestra trayectoria y definen nuestro legado en Goshen, Indiana.   <\/p>\n<\/div><div ><a class=\"fusion-button button-flat fusion-button-default-size button-default fusion-button-default button-2 fusion-button-default-span fusion-button-default-type\" target=\"_self\"><span class=\"fusion-button-text awb-button__text awb-button__text--default\">\u00a1Reserva una pista hoy mismo!<\/span><\/a><\/div><\/div><\/div><\/div><\/div><div class=\"fusion-fullwidth fullwidth-box fusion-builder-row-5 fusion-flex-container has-pattern-background has-mask-background nonhundred-percent-fullwidth non-hundred-percent-height-scrolling\" style=\"--awb-border-radius-top-left:0px;--awb-border-radius-top-right:0px;--awb-border-radius-bottom-right:0px;--awb-border-radius-bottom-left:0px;--awb-padding-top:96px;--awb-padding-bottom:96px;--awb-flex-wrap:wrap;\" ><div class=\"fusion-builder-row fusion-row fusion-flex-align-items-flex-start fusion-flex-content-wrap\" style=\"max-width:1248px;margin-left: calc(-4% \/ 2 );margin-right: calc(-4% \/ 2 );\"><div class=\"fusion-layout-column fusion_builder_column fusion-builder-column-7 fusion_builder_column_1_2 1_2 fusion-flex-column fusion-flex-align-self-center\" style=\"--awb-bg-size:cover;--awb-width-large:50%;--awb-margin-top-large:0px;--awb-spacing-right-large:3.84%;--awb-margin-bottom-large:20px;--awb-spacing-left-large:3.84%;--awb-width-medium:50%;--awb-order-medium:0;--awb-spacing-right-medium:3.84%;--awb-spacing-left-medium:3.84%;--awb-width-small:100%;--awb-order-small:0;--awb-spacing-right-small:1.92%;--awb-spacing-left-small:1.92%;\"><div class=\"fusion-column-wrapper fusion-column-has-shadow fusion-flex-justify-content-flex-start fusion-content-layout-column\"><div class=\"fusion-title title fusion-title-6 fusion-sep-none fusion-title-text fusion-title-size-two\"><h2 class=\"fusion-title-heading title-heading-left\" style=\"margin:0;\">Acerca de GSA: Conecta hoy con nuestro equipo<\/h2><\/div><div class=\"fusion-text fusion-text-4\"><p>Te invitamos a conocer mejor la Academia de F\u00fatbol de Goshen. Si tienes alguna pregunta sobre nuestra historia, misi\u00f3n o programas, no dudes en ponerte en contacto con nosotros. Nuestro equipo est\u00e1 ansioso por compartir nuestra historia y ayudarte a entender c\u00f3mo GSA se dedica a elevar la experiencia deportiva en Goshen, Indiana. Visita nuestra p\u00e1gina Contacta con nosotros para obtener m\u00e1s detalles.   <\/p>\n<\/div><div ><a class=\"fusion-button button-flat fusion-button-default-size button-default fusion-button-default button-3 fusion-button-default-span fusion-button-default-type\" target=\"_self\"><span class=\"fusion-button-text awb-button__text awb-button__text--default\">\u00bfTienes preguntas? Ponte en contacto con nosotros<\/span><\/a><\/div><\/div><\/div><div class=\"fusion-layout-column fusion_builder_column fusion-builder-column-8 fusion_builder_column_1_2 1_2 fusion-flex-column\" style=\"--awb-bg-size:cover;--awb-width-large:50%;--awb-margin-top-large:0px;--awb-spacing-right-large:3.84%;--awb-margin-bottom-large:20px;--awb-spacing-left-large:3.84%;--awb-width-medium:50%;--awb-order-medium:0;--awb-spacing-right-medium:3.84%;--awb-spacing-left-medium:3.84%;--awb-width-small:100%;--awb-order-small:0;--awb-spacing-right-small:1.92%;--awb-spacing-left-small:1.92%;\"><div class=\"fusion-column-wrapper fusion-column-has-shadow fusion-flex-justify-content-flex-start fusion-content-layout-column\"><div class=\"fusion-image-element \" style=\"--awb-aspect-ratio:1 \/ 1;--awb-caption-title-font-family:var(--h2_typography-font-family);--awb-caption-title-font-weight:var(--h2_typography-font-weight);--awb-caption-title-font-style:var(--h2_typography-font-style);--awb-caption-title-size:var(--h2_typography-font-size);--awb-caption-title-transform:var(--h2_typography-text-transform);--awb-caption-title-line-height:var(--h2_typography-line-height);--awb-caption-title-letter-spacing:var(--h2_typography-letter-spacing);\"><span class=\" fusion-imageframe imageframe-none imageframe-4 hover-type-none has-aspect-ratio\" style=\"border-radius:20px;\"><img decoding=\"async\" width=\"2560\" height=\"1920\" alt=\"Complejo deportivo de Goshen\" title=\"IMG_6392\" src=\"https:\/\/goshensocceracademy.com\/wp-content\/uploads\/2025\/02\/IMG_6392-scaled.jpg\" class=\"img-responsive wp-image-1610 img-with-aspect-ratio\" data-parent-fit=\"cover\" data-parent-container=\".fusion-image-element\" srcset=\"https:\/\/goshensocceracademy.com\/wp-content\/uploads\/2025\/02\/IMG_6392-300x225.jpg 300w, https:\/\/goshensocceracademy.com\/wp-content\/uploads\/2025\/02\/IMG_6392-480x360.jpg 480w, https:\/\/goshensocceracademy.com\/wp-content\/uploads\/2025\/02\/IMG_6392-510x382.jpg 510w, https:\/\/goshensocceracademy.com\/wp-content\/uploads\/2025\/02\/IMG_6392-768x576.jpg 768w, https:\/\/goshensocceracademy.com\/wp-content\/uploads\/2025\/02\/IMG_6392-980x735.jpg 980w, https:\/\/goshensocceracademy.com\/wp-content\/uploads\/2025\/02\/IMG_6392-1024x768.jpg 1024w, https:\/\/goshensocceracademy.com\/wp-content\/uploads\/2025\/02\/IMG_6392-1080x810.jpg 1080w, https:\/\/goshensocceracademy.com\/wp-content\/uploads\/2025\/02\/IMG_6392-1280x960.jpg 1280w, https:\/\/goshensocceracademy.com\/wp-content\/uploads\/2025\/02\/IMG_6392-1536x1152.jpg 1536w, https:\/\/goshensocceracademy.com\/wp-content\/uploads\/2025\/02\/IMG_6392-scaled.jpg 2560w\" sizes=\"(max-width: 2560px) 100vw, 2560px\" \/><\/span><\/div><\/div><\/div><\/div><\/div><\/p>\n","protected":false},"excerpt":{"rendered":"","protected":false},"author":5,"featured_media":0,"parent":0,"menu_order":0,"comment_status":"closed","ping_status":"closed","template":"100-width.php","meta":{"footnotes":""},"class_list":["post-2584","page","type-page","status-publish","hentry"],"_links":{"self":[{"href":"https:\/\/goshensocceracademy.com\/es\/wp-json\/wp\/v2\/pages\/2584","targetHints":{"allow":["GET"]}}],"collection":[{"href":"https:\/\/goshensocceracademy.com\/es\/wp-json\/wp\/v2\/pages"}],"about":[{"href":"https:\/\/goshensocceracademy.com\/es\/wp-json\/wp\/v2\/types\/page"}],"author":[{"embeddable":true,"href":"https:\/\/goshensocceracademy.com\/es\/wp-json\/wp\/v2\/users\/5"}],"replies":[{"embeddable":true,"href":"https:\/\/goshensocceracademy.com\/es\/wp-json\/wp\/v2\/comments?post=2584"}],"version-history":[{"count":2,"href":"https:\/\/goshensocceracademy.com\/es\/wp-json\/wp\/v2\/pages\/2584\/revisions"}],"predecessor-version":[{"id":2596,"href":"https:\/\/goshensocceracademy.com\/es\/wp-json\/wp\/v2\/pages\/2584\/revisions\/2596"}],"wp:attachment":[{"href":"https:\/\/goshensocceracademy.com\/es\/wp-json\/wp\/v2\/media?parent=2584"}],"curies":[{"name":"wp","href":"https:\/\/api.w.org\/{rel}","templated":true}]}}