{"id":2574,"date":"2025-07-08T15:10:00","date_gmt":"2025-07-08T19:10:00","guid":{"rendered":"https:\/\/goshensocceracademy.com\/pickleball\/"},"modified":"2026-01-05T12:59:31","modified_gmt":"2026-01-05T17:59:31","slug":"pickleball","status":"publish","type":"page","link":"https:\/\/goshensocceracademy.com\/es\/pickleball\/","title":{"rendered":"Pickleball"},"content":{"rendered":"<p><div class=\"fusion-fullwidth fullwidth-box fusion-builder-row-1 fusion-flex-container fusion-parallax-none nonhundred-percent-fullwidth non-hundred-percent-height-scrolling\" style=\"--awb-background-blend-mode:overlay;--awb-border-radius-top-left:0px;--awb-border-radius-top-right:0px;--awb-border-radius-bottom-right:0px;--awb-border-radius-bottom-left:0px;--awb-padding-top:6%;--awb-padding-bottom:6%;--awb-background-color:hsla(var(--awb-color5-h),var(--awb-color5-s),calc( var(--awb-color5-l) - 45% ),calc( var(--awb-color5-a) - 25% ));--awb-background-image:url(&quot;https:\/\/goshensocceracademy.com\/wp-content\/uploads\/2025\/04\/goshen-pickleball-open-play.jpg&quot;);--awb-background-size:cover;--awb-flex-wrap:wrap;\" ><div class=\"fusion-builder-row fusion-row fusion-flex-align-items-flex-start fusion-flex-content-wrap\" style=\"max-width:calc( 1200px + 0px );margin-left: calc(-0px \/ 2 );margin-right: calc(-0px \/ 2 );\"><div class=\"fusion-layout-column fusion_builder_column fusion-builder-column-0 fusion_builder_column_1_1 1_1 fusion-flex-column fusion-animated\" style=\"--awb-bg-size:cover;--awb-width-large:100%;--awb-margin-top-large:0px;--awb-spacing-right-large:0px;--awb-margin-bottom-large:0px;--awb-spacing-left-large:0px;--awb-width-medium:100%;--awb-spacing-right-medium:0px;--awb-spacing-left-medium:0px;--awb-width-small:100%;--awb-spacing-right-small:0px;--awb-spacing-left-small:0px;\" data-animationType=\"fadeInDown\" data-animationDuration=\"1.0\" data-animationOffset=\"top-into-view\"><div class=\"fusion-column-wrapper fusion-column-has-shadow fusion-flex-justify-content-flex-start fusion-content-layout-column\"><div class=\"fusion-title title fusion-title-1 fusion-sep-none fusion-title-center fusion-title-text fusion-title-size-one\" style=\"--awb-text-color:var(--awb-color1);--awb-margin-bottom:10px;--awb-font-size:3rem;\"><h1 class=\"fusion-title-heading title-heading-center\" style=\"margin:0;font-size:1em;line-height:1.1em;\">Pickleball<\/h1><\/div><div class=\"fusion-title title fusion-title-2 fusion-sep-none fusion-title-center fusion-title-text fusion-title-size-two\" style=\"--awb-text-color:var(--awb-color1);--awb-margin-bottom:0px;--awb-margin-bottom-small:0px;--awb-font-size:21px;\"><h2 class=\"fusion-title-heading title-heading-center\" style=\"margin:0;font-size:1em;\">Ligas de Pickleball, pistas abiertas y clases para todos los niveles. Disfruta de una experiencia fresca y divertida en el complejo deportivo Goshen Soccer Academy.<\/h2><\/div><div style=\"text-align:center;\"><a class=\"fusion-button button-flat fusion-button-default-size button-default fusion-button-default button-1 fusion-button-default-span fusion-button-default-type\" style=\"--button_margin-top:20px;\" target=\"_blank\" rel=\"noopener noreferrer\" href=\"https:\/\/app.courtreserve.com\/Online\/Reservations\/Bookings\/9998?sId=13676\"><span class=\"fusion-button-text awb-button__text awb-button__text--default\">Reserva una pista de Pickleball<\/span><\/a><\/div><\/div><\/div><\/div><\/div><div class=\"fusion-fullwidth fullwidth-box fusion-builder-row-2 fusion-flex-container has-pattern-background has-mask-background nonhundred-percent-fullwidth non-hundred-percent-height-scrolling\" style=\"--awb-border-radius-top-left:0px;--awb-border-radius-top-right:0px;--awb-border-radius-bottom-right:0px;--awb-border-radius-bottom-left:0px;--awb-padding-top:25px;--awb-padding-bottom:0px;--awb-flex-wrap:wrap;\" ><div class=\"fusion-builder-row fusion-row fusion-flex-align-items-flex-start fusion-flex-content-wrap\" style=\"max-width:1248px;margin-left: calc(-4% \/ 2 );margin-right: calc(-4% \/ 2 );\"><div class=\"fusion-layout-column fusion_builder_column fusion-builder-column-1 fusion_builder_column_1_1 1_1 fusion-flex-column\" style=\"--awb-bg-size:cover;--awb-width-large:100%;--awb-margin-top-large:0px;--awb-spacing-right-large:1.92%;--awb-margin-bottom-large:20px;--awb-spacing-left-large:1.92%;--awb-width-medium:100%;--awb-order-medium:0;--awb-spacing-right-medium:1.92%;--awb-spacing-left-medium:1.92%;--awb-width-small:100%;--awb-order-small:0;--awb-spacing-right-small:1.92%;--awb-spacing-left-small:1.92%;\"><div class=\"fusion-column-wrapper fusion-column-has-shadow fusion-flex-justify-content-flex-start fusion-content-layout-column\"><div class=\"fusion-image-element \" style=\"--awb-aspect-ratio:21 \/ 9;--awb-object-position:46% 45%;--awb-caption-title-font-family:var(--h2_typography-font-family);--awb-caption-title-font-weight:var(--h2_typography-font-weight);--awb-caption-title-font-style:var(--h2_typography-font-style);--awb-caption-title-size:var(--h2_typography-font-size);--awb-caption-title-transform:var(--h2_typography-text-transform);--awb-caption-title-line-height:var(--h2_typography-line-height);--awb-caption-title-letter-spacing:var(--h2_typography-letter-spacing);\"><span class=\" fusion-imageframe imageframe-none imageframe-1 hover-type-none has-aspect-ratio\" style=\"border-radius:20px;\"><img decoding=\"async\" width=\"1080\" height=\"720\" alt=\"jugadores de pickleball jugando un partido dentro de un complejo deportivo\" title=\"goshen-pickleball\" src=\"https:\/\/goshensocceracademy.com\/wp-content\/uploads\/2025\/04\/goshen-pickleball.jpg\" class=\"img-responsive wp-image-2266 img-with-aspect-ratio\" data-parent-fit=\"cover\" data-parent-container=\".fusion-image-element\" srcset=\"https:\/\/goshensocceracademy.com\/wp-content\/uploads\/2025\/04\/goshen-pickleball-200x133.jpg 200w, https:\/\/goshensocceracademy.com\/wp-content\/uploads\/2025\/04\/goshen-pickleball-400x267.jpg 400w, https:\/\/goshensocceracademy.com\/wp-content\/uploads\/2025\/04\/goshen-pickleball-600x400.jpg 600w, https:\/\/goshensocceracademy.com\/wp-content\/uploads\/2025\/04\/goshen-pickleball-800x533.jpg 800w, https:\/\/goshensocceracademy.com\/wp-content\/uploads\/2025\/04\/goshen-pickleball.jpg 1080w\" sizes=\"(max-width: 640px) 100vw, 1080px\" \/><\/span><\/div><\/div><\/div><div class=\"fusion-layout-column fusion_builder_column fusion-builder-column-2 fusion_builder_column_1_1 1_1 fusion-flex-column fusion-flex-align-self-center\" style=\"--awb-bg-size:cover;--awb-width-large:100%;--awb-margin-top-large:0px;--awb-spacing-right-large:1.92%;--awb-margin-bottom-large:20px;--awb-spacing-left-large:1.92%;--awb-width-medium:100%;--awb-order-medium:0;--awb-spacing-right-medium:1.92%;--awb-spacing-left-medium:1.92%;--awb-width-small:100%;--awb-order-small:0;--awb-spacing-right-small:1.92%;--awb-spacing-left-small:1.92%;\"><div class=\"fusion-column-wrapper fusion-column-has-shadow fusion-flex-justify-content-flex-start fusion-content-layout-column\"><div class=\"fusion-title title fusion-title-3 fusion-sep-none fusion-title-text fusion-title-size-two\"><h2 class=\"fusion-title-heading title-heading-left\" style=\"margin:0;\">La mejor experiencia de Pickleball Indoor en Goshen<\/h2><\/div><div class=\"fusion-text fusion-text-1\"><p>En la Academia de F\u00fatbol de Goshen, el pickleball no es s\u00f3lo un juego: es una experiencia din\u00e1mica que a\u00fana comunidad, competici\u00f3n y diversi\u00f3n. Nuestras instalaciones cubiertas ofrecen un entorno ideal para los entusiastas del pickleball de todos los niveles, con pistas modernas, equipamiento de alta calidad y un ambiente acogedor. Con ventajas de afiliaci\u00f3n, juego en liga, sesiones abiertas y clases de iniciaci\u00f3n, te proporcionamos todos los recursos que necesitas para destacar. Descubre la alegr\u00eda del pickleball en nuestro complejo deportivo de Goshen, Indiana, y forma parte de una comunidad en crecimiento dedicada a la excelencia en los deportes de interior.<\/p>\n<\/div><\/div><\/div><\/div><\/div><div class=\"fusion-fullwidth fullwidth-box fusion-builder-row-3 fusion-flex-container has-pattern-background has-mask-background nonhundred-percent-fullwidth non-hundred-percent-height-scrolling\" style=\"--awb-border-radius-top-left:0px;--awb-border-radius-top-right:0px;--awb-border-radius-bottom-right:0px;--awb-border-radius-bottom-left:0px;--awb-padding-top:96px;--awb-padding-bottom:96px;--awb-flex-wrap:wrap;\" ><div class=\"fusion-builder-row fusion-row fusion-flex-align-items-center fusion-flex-content-wrap\" style=\"max-width:1248px;margin-left: calc(-4% \/ 2 );margin-right: calc(-4% \/ 2 );\"><div class=\"fusion-layout-column fusion_builder_column fusion-builder-column-3 fusion_builder_column_1_2 1_2 fusion-flex-column fusion-flex-align-self-center\" style=\"--awb-bg-size:cover;--awb-width-large:50%;--awb-margin-top-large:0px;--awb-spacing-right-large:3.84%;--awb-margin-bottom-large:20px;--awb-spacing-left-large:3.84%;--awb-width-medium:50%;--awb-order-medium:0;--awb-spacing-right-medium:3.84%;--awb-spacing-left-medium:3.84%;--awb-width-small:100%;--awb-order-small:0;--awb-spacing-right-small:1.92%;--awb-spacing-left-small:1.92%;\"><div class=\"fusion-column-wrapper fusion-column-has-shadow fusion-flex-justify-content-flex-start fusion-content-layout-column\"><div class=\"fusion-title title fusion-title-4 fusion-sep-none fusion-title-text fusion-title-size-two\"><h2 class=\"fusion-title-heading title-heading-left\" style=\"margin:0;\">Afiliaci\u00f3n al Pickleball: Ventajas y beneficios exclusivos<\/h2><\/div><div class=\"fusion-text fusion-text-2\"><p>Hazte miembro de nuestra pr\u00f3spera comunidad de pickleball en la Academia de F\u00fatbol de Goshen y desbloquea una serie de ventajas exclusivas. Nuestras afiliaciones ofrecen acceso prioritario a las pistas cubiertas, descuentos en las clases e invitaciones especiales a torneos y eventos exclusivos para miembros. Con nuestros completos paquetes de afiliaci\u00f3n, ganar\u00e1s algo m\u00e1s que un puesto en la cancha: te unir\u00e1s a una comunidad que celebra el deporte y su vibrante cultura. Disfruta de asistencia de primera calidad, actualizaciones peri\u00f3dicas y oportunidades continuas para mejorar tu juego.<\/p>\n<\/div><div ><a class=\"fusion-button button-flat fusion-button-default-size button-default fusion-button-default button-2 fusion-button-default-span fusion-button-default-type\" target=\"_self\" href=\"https:\/\/app.courtreserve.com\/Online\/Portal\/Index\/9998\" rel=\"noopener\"><span class=\"fusion-button-text awb-button__text awb-button__text--default\">Inscr\u00edbete como socio de Pickleball<\/span><\/a><\/div><\/div><\/div><div class=\"fusion-layout-column fusion_builder_column fusion-builder-column-4 fusion_builder_column_1_2 1_2 fusion-flex-column\" style=\"--awb-bg-size:cover;--awb-width-large:50%;--awb-margin-top-large:0px;--awb-spacing-right-large:3.84%;--awb-margin-bottom-large:20px;--awb-spacing-left-large:3.84%;--awb-width-medium:50%;--awb-order-medium:0;--awb-spacing-right-medium:3.84%;--awb-spacing-left-medium:3.84%;--awb-width-small:100%;--awb-order-small:0;--awb-spacing-right-small:1.92%;--awb-spacing-left-small:1.92%;\"><div class=\"fusion-column-wrapper fusion-column-has-shadow fusion-flex-justify-content-flex-start fusion-content-layout-column\"><div class=\"fusion-image-element \" style=\"--awb-aspect-ratio:1 \/ 1;--awb-object-position:0% 51%;--awb-caption-title-font-family:var(--h2_typography-font-family);--awb-caption-title-font-weight:var(--h2_typography-font-weight);--awb-caption-title-font-style:var(--h2_typography-font-style);--awb-caption-title-size:var(--h2_typography-font-size);--awb-caption-title-transform:var(--h2_typography-text-transform);--awb-caption-title-line-height:var(--h2_typography-line-height);--awb-caption-title-letter-spacing:var(--h2_typography-letter-spacing);\"><span class=\" fusion-imageframe imageframe-none imageframe-2 hover-type-none has-aspect-ratio\" style=\"border-radius:20px;\"><img decoding=\"async\" width=\"1080\" height=\"720\" alt=\"jugadores de pickleball zambull\u00e9ndose en el pickleball durante un partido\" title=\"goshen-pickleball-courts\" src=\"https:\/\/goshensocceracademy.com\/wp-content\/uploads\/2025\/04\/goshen-pickleball-courts.jpg\" class=\"img-responsive wp-image-2265 img-with-aspect-ratio\" data-parent-fit=\"cover\" data-parent-container=\".fusion-image-element\" srcset=\"https:\/\/goshensocceracademy.com\/wp-content\/uploads\/2025\/04\/goshen-pickleball-courts-200x133.jpg 200w, https:\/\/goshensocceracademy.com\/wp-content\/uploads\/2025\/04\/goshen-pickleball-courts-400x267.jpg 400w, https:\/\/goshensocceracademy.com\/wp-content\/uploads\/2025\/04\/goshen-pickleball-courts-600x400.jpg 600w, https:\/\/goshensocceracademy.com\/wp-content\/uploads\/2025\/04\/goshen-pickleball-courts-800x533.jpg 800w, https:\/\/goshensocceracademy.com\/wp-content\/uploads\/2025\/04\/goshen-pickleball-courts.jpg 1080w\" sizes=\"(max-width: 640px) 100vw, 600px\" \/><\/span><\/div><\/div><\/div><\/div><\/div><div class=\"fusion-fullwidth fullwidth-box fusion-builder-row-4 fusion-flex-container has-pattern-background has-mask-background nonhundred-percent-fullwidth non-hundred-percent-height-scrolling\" style=\"--awb-border-radius-top-left:0px;--awb-border-radius-top-right:0px;--awb-border-radius-bottom-right:0px;--awb-border-radius-bottom-left:0px;--awb-padding-top:96px;--awb-padding-bottom:96px;--awb-flex-wrap:wrap;\" ><div class=\"fusion-builder-row fusion-row fusion-flex-align-items-center fusion-flex-content-wrap\" style=\"max-width:1248px;margin-left: calc(-4% \/ 2 );margin-right: calc(-4% \/ 2 );\"><div class=\"fusion-layout-column fusion_builder_column fusion-builder-column-5 fusion_builder_column_1_2 1_2 fusion-flex-column fusion-flex-align-self-center\" style=\"--awb-bg-size:cover;--awb-width-large:50%;--awb-margin-top-large:0px;--awb-spacing-right-large:3.84%;--awb-margin-bottom-large:20px;--awb-spacing-left-large:3.84%;--awb-width-medium:50%;--awb-order-medium:0;--awb-spacing-right-medium:3.84%;--awb-spacing-left-medium:3.84%;--awb-width-small:100%;--awb-order-small:0;--awb-spacing-right-small:1.92%;--awb-spacing-left-small:1.92%;\"><div class=\"fusion-column-wrapper fusion-column-has-shadow fusion-flex-justify-content-flex-start fusion-content-layout-column\"><div class=\"fusion-title title fusion-title-5 fusion-sep-none fusion-title-text fusion-title-size-two\"><h2 class=\"fusion-title-heading title-heading-left\" style=\"margin:0;\">Introducci\u00f3n al Pickleball: Aprender, Jugar y Mejorar<\/h2><\/div><div class=\"fusion-text fusion-text-3\"><p>Si eres nuevo en el pickleball, nuestra clase introductoria es el lugar perfecto para empezar. Dise\u00f1ada para principiantes, esta clase abarca los fundamentos del juego -desde los golpes b\u00e1sicos hasta la posici\u00f3n estrat\u00e9gica- para asegurarte una base s\u00f3lida. Ap\u00fantate a nuestra CTA integrada en Court Reserve y disfruta de una instrucci\u00f3n dirigida por expertos que hace que el aprendizaje sea divertido y atractivo. Nuestros expertos entrenadores se dedican a crear un entorno alentador en el que todos los participantes puedan crecer y disfrutar del deporte. Ad\u00e9ntrate en el mundo del pickleball y descubre por qu\u00e9 es uno de los deportes de m\u00e1s r\u00e1pido crecimiento en Goshen.<\/p>\n<\/div><div ><a class=\"fusion-button button-flat fusion-button-default-size button-default fusion-button-default button-3 fusion-button-default-span fusion-button-default-type\" target=\"_self\" href=\"https:\/\/app.courtreserve.com\/Online\/Events\/List\/9998\/OF51AZA5RA9998\" rel=\"noopener\"><span class=\"fusion-button-text awb-button__text awb-button__text--default\">Ap\u00fantate a clases para principiantes <\/span><\/a><\/div><\/div><\/div><div class=\"fusion-layout-column fusion_builder_column fusion-builder-column-6 fusion_builder_column_1_2 1_2 fusion-flex-column\" style=\"--awb-bg-size:cover;--awb-width-large:50%;--awb-margin-top-large:0px;--awb-spacing-right-large:3.84%;--awb-margin-bottom-large:20px;--awb-spacing-left-large:3.84%;--awb-width-medium:50%;--awb-order-medium:0;--awb-spacing-right-medium:3.84%;--awb-spacing-left-medium:3.84%;--awb-width-small:100%;--awb-order-small:0;--awb-spacing-right-small:1.92%;--awb-spacing-left-small:1.92%;\"><div class=\"fusion-column-wrapper fusion-column-has-shadow fusion-flex-justify-content-flex-start fusion-content-layout-column\"><div class=\"fusion-image-element \" style=\"--awb-aspect-ratio:1 \/ 1;--awb-object-position:51% 15%;--awb-caption-title-font-family:var(--h2_typography-font-family);--awb-caption-title-font-weight:var(--h2_typography-font-weight);--awb-caption-title-font-style:var(--h2_typography-font-style);--awb-caption-title-size:var(--h2_typography-font-size);--awb-caption-title-transform:var(--h2_typography-text-transform);--awb-caption-title-line-height:var(--h2_typography-line-height);--awb-caption-title-letter-spacing:var(--h2_typography-letter-spacing);\"><span class=\" fusion-imageframe imageframe-none imageframe-3 hover-type-none has-aspect-ratio\" style=\"border-radius:20px;\"><img decoding=\"async\" width=\"1080\" height=\"720\" alt=\"jugadores de picklebal jugando un partido de pickleball dentro de GSA en goshen indiana\" title=\"goshen-pickleball-league\" src=\"https:\/\/goshensocceracademy.com\/wp-content\/uploads\/2025\/04\/goshen-pickleball-league.jpg\" class=\"img-responsive wp-image-2267 img-with-aspect-ratio\" data-parent-fit=\"cover\" data-parent-container=\".fusion-image-element\" srcset=\"https:\/\/goshensocceracademy.com\/wp-content\/uploads\/2025\/04\/goshen-pickleball-league-200x133.jpg 200w, https:\/\/goshensocceracademy.com\/wp-content\/uploads\/2025\/04\/goshen-pickleball-league-400x267.jpg 400w, https:\/\/goshensocceracademy.com\/wp-content\/uploads\/2025\/04\/goshen-pickleball-league-600x400.jpg 600w, https:\/\/goshensocceracademy.com\/wp-content\/uploads\/2025\/04\/goshen-pickleball-league-800x533.jpg 800w, https:\/\/goshensocceracademy.com\/wp-content\/uploads\/2025\/04\/goshen-pickleball-league.jpg 1080w\" sizes=\"(max-width: 640px) 100vw, 600px\" \/><\/span><\/div><\/div><\/div><\/div><\/div><div class=\"fusion-fullwidth fullwidth-box fusion-builder-row-5 fusion-flex-container has-pattern-background has-mask-background nonhundred-percent-fullwidth non-hundred-percent-height-scrolling\" style=\"--awb-border-radius-top-left:0px;--awb-border-radius-top-right:0px;--awb-border-radius-bottom-right:0px;--awb-border-radius-bottom-left:0px;--awb-padding-top:96px;--awb-padding-bottom:96px;--awb-flex-wrap:wrap;\" ><div class=\"fusion-builder-row fusion-row fusion-flex-align-items-center fusion-flex-content-wrap\" style=\"max-width:1248px;margin-left: calc(-4% \/ 2 );margin-right: calc(-4% \/ 2 );\"><div class=\"fusion-layout-column fusion_builder_column fusion-builder-column-7 fusion_builder_column_1_2 1_2 fusion-flex-column\" style=\"--awb-bg-size:cover;--awb-width-large:50%;--awb-margin-top-large:0px;--awb-spacing-right-large:3.84%;--awb-margin-bottom-large:20px;--awb-spacing-left-large:3.84%;--awb-width-medium:50%;--awb-order-medium:0;--awb-spacing-right-medium:3.84%;--awb-spacing-left-medium:3.84%;--awb-width-small:100%;--awb-order-small:0;--awb-spacing-right-small:1.92%;--awb-spacing-left-small:1.92%;\"><div class=\"fusion-column-wrapper fusion-column-has-shadow fusion-flex-justify-content-flex-start fusion-content-layout-column\"><div class=\"fusion-image-element \" style=\"--awb-aspect-ratio:1 \/ 1;--awb-caption-title-font-family:var(--h2_typography-font-family);--awb-caption-title-font-weight:var(--h2_typography-font-weight);--awb-caption-title-font-style:var(--h2_typography-font-style);--awb-caption-title-size:var(--h2_typography-font-size);--awb-caption-title-transform:var(--h2_typography-text-transform);--awb-caption-title-line-height:var(--h2_typography-line-height);--awb-caption-title-letter-spacing:var(--h2_typography-letter-spacing);\"><span class=\" fusion-imageframe imageframe-none imageframe-4 hover-type-none has-aspect-ratio\" style=\"border-radius:20px;\"><img decoding=\"async\" width=\"1080\" height=\"720\" alt=\"jugadores de pickleball de competici\u00f3n jugando una partida de pickleball dentro de un complejo deportivo en goshen indiana\" title=\"pickleball-in-goshen-indiana\" src=\"https:\/\/goshensocceracademy.com\/wp-content\/uploads\/2025\/04\/pickleball-in-goshen-indiana.jpg\" class=\"img-responsive wp-image-2269 img-with-aspect-ratio\" data-parent-fit=\"cover\" data-parent-container=\".fusion-image-element\" srcset=\"https:\/\/goshensocceracademy.com\/wp-content\/uploads\/2025\/04\/pickleball-in-goshen-indiana-200x133.jpg 200w, https:\/\/goshensocceracademy.com\/wp-content\/uploads\/2025\/04\/pickleball-in-goshen-indiana-400x267.jpg 400w, https:\/\/goshensocceracademy.com\/wp-content\/uploads\/2025\/04\/pickleball-in-goshen-indiana-600x400.jpg 600w, https:\/\/goshensocceracademy.com\/wp-content\/uploads\/2025\/04\/pickleball-in-goshen-indiana-800x533.jpg 800w, https:\/\/goshensocceracademy.com\/wp-content\/uploads\/2025\/04\/pickleball-in-goshen-indiana.jpg 1080w\" sizes=\"(max-width: 640px) 100vw, 600px\" \/><\/span><\/div><\/div><\/div><div class=\"fusion-layout-column fusion_builder_column fusion-builder-column-8 fusion_builder_column_1_2 1_2 fusion-flex-column fusion-flex-align-self-center\" style=\"--awb-bg-size:cover;--awb-width-large:50%;--awb-margin-top-large:0px;--awb-spacing-right-large:3.84%;--awb-margin-bottom-large:20px;--awb-spacing-left-large:3.84%;--awb-width-medium:50%;--awb-order-medium:0;--awb-spacing-right-medium:3.84%;--awb-spacing-left-medium:3.84%;--awb-width-small:100%;--awb-order-small:0;--awb-spacing-right-small:1.92%;--awb-spacing-left-small:1.92%;\"><div class=\"fusion-column-wrapper fusion-column-has-shadow fusion-flex-justify-content-flex-start fusion-content-layout-column\"><div class=\"fusion-title title fusion-title-6 fusion-sep-none fusion-title-text fusion-title-size-two\"><h2 class=\"fusion-title-heading title-heading-left\" style=\"margin:0;\">\u00danete a las ligas de Pickleball y al juego abierto: Inscripci\u00f3n f\u00e1cil<\/h2><\/div><div class=\"fusion-text fusion-text-4\"><p>Empezar a jugar al pickleball nunca ha sido tan f\u00e1cil. Crea tu cuenta a trav\u00e9s de nuestro sistema integrado de Reserva de Pista y elige entre una serie de opciones, como unirte a ligas competitivas o disfrutar de sesiones de juego abierto. Nuestro \u00e1gil proceso de inscripci\u00f3n est\u00e1 dise\u00f1ado para que entres r\u00e1pidamente en la pista. Tanto si eres un jugador experimentado como si eres nuevo en el pickleball, nuestra plataforma intuitiva te gu\u00eda en cada paso, desde la creaci\u00f3n de la cuenta hasta la reserva de tu pr\u00f3ximo partido. Abraza el deporte con confianza y comodidad en la Academia de F\u00fatbol de Goshen.<\/p>\n<\/div><div ><a class=\"fusion-button button-flat fusion-button-default-size button-default fusion-button-default button-4 fusion-button-default-span fusion-button-default-type\" target=\"_self\" href=\"https:\/\/app.courtreserve.com\/Online\/Events\/List\/9998\/CMATXL5IKF9998\" rel=\"noopener\"><span class=\"fusion-button-text awb-button__text awb-button__text--default\">Ver opciones disponibles <\/span><\/a><\/div><\/div><\/div><\/div><\/div><\/p>\n","protected":false},"excerpt":{"rendered":"","protected":false},"author":5,"featured_media":0,"parent":0,"menu_order":0,"comment_status":"closed","ping_status":"closed","template":"100-width.php","meta":{"footnotes":""},"class_list":["post-2574","page","type-page","status-publish","hentry"],"_links":{"self":[{"href":"https:\/\/goshensocceracademy.com\/es\/wp-json\/wp\/v2\/pages\/2574","targetHints":{"allow":["GET"]}}],"collection":[{"href":"https:\/\/goshensocceracademy.com\/es\/wp-json\/wp\/v2\/pages"}],"about":[{"href":"https:\/\/goshensocceracademy.com\/es\/wp-json\/wp\/v2\/types\/page"}],"author":[{"embeddable":true,"href":"https:\/\/goshensocceracademy.com\/es\/wp-json\/wp\/v2\/users\/5"}],"replies":[{"embeddable":true,"href":"https:\/\/goshensocceracademy.com\/es\/wp-json\/wp\/v2\/comments?post=2574"}],"version-history":[{"count":5,"href":"https:\/\/goshensocceracademy.com\/es\/wp-json\/wp\/v2\/pages\/2574\/revisions"}],"predecessor-version":[{"id":3007,"href":"https:\/\/goshensocceracademy.com\/es\/wp-json\/wp\/v2\/pages\/2574\/revisions\/3007"}],"wp:attachment":[{"href":"https:\/\/goshensocceracademy.com\/es\/wp-json\/wp\/v2\/media?parent=2574"}],"curies":[{"name":"wp","href":"https:\/\/api.w.org\/{rel}","templated":true}]}}