{"id":2426,"date":"2025-07-08T15:08:20","date_gmt":"2025-07-08T19:08:20","guid":{"rendered":"https:\/\/goshensocceracademy.com\/racquestball-wallyball\/"},"modified":"2025-07-10T10:16:39","modified_gmt":"2025-07-10T14:16:39","slug":"racquestball-wallyball","status":"publish","type":"page","link":"https:\/\/goshensocceracademy.com\/es\/racquestball-wallyball\/","title":{"rendered":"Racquetball\/Wallyball"},"content":{"rendered":"<p><div class=\"fusion-fullwidth fullwidth-box fusion-builder-row-1 fusion-flex-container fusion-parallax-none nonhundred-percent-fullwidth non-hundred-percent-height-scrolling\" style=\"--awb-background-blend-mode:overlay;--awb-border-radius-top-left:0px;--awb-border-radius-top-right:0px;--awb-border-radius-bottom-right:0px;--awb-border-radius-bottom-left:0px;--awb-padding-top:6%;--awb-padding-bottom:6%;--awb-background-color:hsla(var(--awb-color5-h),var(--awb-color5-s),calc( var(--awb-color5-l) - 45% ),calc( var(--awb-color5-a) - 25% ));--awb-background-image:url(&quot;https:\/\/goshensocceracademy.com\/wp-content\/uploads\/2025\/05\/racquetball2.jpg&quot;);--awb-background-size:cover;--awb-flex-wrap:wrap;\" ><div class=\"fusion-builder-row fusion-row fusion-flex-align-items-flex-start fusion-flex-content-wrap\" style=\"max-width:calc( 1200px + 0px );margin-left: calc(-0px \/ 2 );margin-right: calc(-0px \/ 2 );\"><div class=\"fusion-layout-column fusion_builder_column fusion-builder-column-0 fusion_builder_column_1_1 1_1 fusion-flex-column fusion-animated\" style=\"--awb-bg-size:cover;--awb-width-large:100%;--awb-margin-top-large:0px;--awb-spacing-right-large:0px;--awb-margin-bottom-large:0px;--awb-spacing-left-large:0px;--awb-width-medium:100%;--awb-spacing-right-medium:0px;--awb-spacing-left-medium:0px;--awb-width-small:100%;--awb-spacing-right-small:0px;--awb-spacing-left-small:0px;\" data-animationType=\"fadeInDown\" data-animationDuration=\"1.0\" data-animationOffset=\"top-into-view\"><div class=\"fusion-column-wrapper fusion-column-has-shadow fusion-flex-justify-content-flex-start fusion-content-layout-column\"><div class=\"fusion-title title fusion-title-1 fusion-sep-none fusion-title-center fusion-title-text fusion-title-size-one\" style=\"--awb-text-color:var(--awb-color1);--awb-margin-bottom:10px;--awb-font-size:3rem;\"><h1 class=\"fusion-title-heading title-heading-center\" style=\"margin:0;font-size:1em;line-height:1.1em;\">Racquetball y Wallyball<\/h1><\/div><div class=\"fusion-title title fusion-title-2 fusion-sep-none fusion-title-center fusion-title-text fusion-title-size-two\" style=\"--awb-text-color:var(--awb-color1);--awb-margin-bottom:0px;--awb-margin-bottom-small:0px;--awb-font-size:21px;\"><h2 class=\"fusion-title-heading title-heading-center\" style=\"margin:0;font-size:1em;\">Ligas de raquetbol\/Wallyball y juego sin cita previa para divertirte sin parar. Reserva hoy mismo tu sesi\u00f3n en el complejo deportivo Goshen Soccer Academy.<\/h2><\/div><div style=\"text-align:center;\"><a class=\"fusion-button button-flat fusion-button-default-size button-default fusion-button-default button-1 fusion-button-default-span fusion-button-default-type\" style=\"--button_margin-top:20px;\" target=\"_blank\" rel=\"noopener noreferrer\" href=\"https:\/\/app.courtreserve.com\/Online\/Reservations\/Bookings\/9998?sId=18108\"><span class=\"fusion-button-text awb-button__text awb-button__text--default\">Reserva una pista de raquetbol<\/span><\/a><\/div><\/div><\/div><\/div><\/div><div class=\"fusion-fullwidth fullwidth-box fusion-builder-row-2 fusion-flex-container has-pattern-background has-mask-background nonhundred-percent-fullwidth non-hundred-percent-height-scrolling\" style=\"--awb-border-radius-top-left:0px;--awb-border-radius-top-right:0px;--awb-border-radius-bottom-right:0px;--awb-border-radius-bottom-left:0px;--awb-padding-top:25px;--awb-padding-bottom:0px;--awb-flex-wrap:wrap;\" ><div class=\"fusion-builder-row fusion-row fusion-flex-align-items-flex-start fusion-flex-content-wrap\" style=\"max-width:1248px;margin-left: calc(-4% \/ 2 );margin-right: calc(-4% \/ 2 );\"><div class=\"fusion-layout-column fusion_builder_column fusion-builder-column-1 fusion_builder_column_1_1 1_1 fusion-flex-column\" style=\"--awb-bg-size:cover;--awb-width-large:100%;--awb-margin-top-large:0px;--awb-spacing-right-large:1.92%;--awb-margin-bottom-large:20px;--awb-spacing-left-large:1.92%;--awb-width-medium:100%;--awb-order-medium:0;--awb-spacing-right-medium:1.92%;--awb-spacing-left-medium:1.92%;--awb-width-small:100%;--awb-order-small:0;--awb-spacing-right-small:1.92%;--awb-spacing-left-small:1.92%;\"><div class=\"fusion-column-wrapper fusion-column-has-shadow fusion-flex-justify-content-flex-start fusion-content-layout-column\"><div class=\"fusion-image-element \" style=\"--awb-aspect-ratio:21 \/ 9;--awb-caption-title-font-family:var(--h2_typography-font-family);--awb-caption-title-font-weight:var(--h2_typography-font-weight);--awb-caption-title-font-style:var(--h2_typography-font-style);--awb-caption-title-size:var(--h2_typography-font-size);--awb-caption-title-transform:var(--h2_typography-text-transform);--awb-caption-title-line-height:var(--h2_typography-line-height);--awb-caption-title-letter-spacing:var(--h2_typography-letter-spacing);\"><span class=\" fusion-imageframe imageframe-none imageframe-1 hover-type-none has-aspect-ratio\" style=\"border-radius:20px;\"><img decoding=\"async\" width=\"1080\" height=\"720\" alt=\"Complejo deportivo de Goshen\" title=\"racquetball2\" src=\"https:\/\/goshensocceracademy.com\/wp-content\/uploads\/2025\/05\/racquetball2.jpg\" class=\"img-responsive wp-image-2306 img-with-aspect-ratio\" data-parent-fit=\"cover\" data-parent-container=\".fusion-image-element\" srcset=\"https:\/\/goshensocceracademy.com\/wp-content\/uploads\/2025\/05\/racquetball2-200x133.jpg 200w, https:\/\/goshensocceracademy.com\/wp-content\/uploads\/2025\/05\/racquetball2-400x267.jpg 400w, https:\/\/goshensocceracademy.com\/wp-content\/uploads\/2025\/05\/racquetball2-600x400.jpg 600w, https:\/\/goshensocceracademy.com\/wp-content\/uploads\/2025\/05\/racquetball2-800x533.jpg 800w, https:\/\/goshensocceracademy.com\/wp-content\/uploads\/2025\/05\/racquetball2.jpg 1080w\" sizes=\"(max-width: 640px) 100vw, 1080px\" \/><\/span><\/div><\/div><\/div><div class=\"fusion-layout-column fusion_builder_column fusion-builder-column-2 fusion_builder_column_1_1 1_1 fusion-flex-column fusion-flex-align-self-center\" style=\"--awb-bg-size:cover;--awb-width-large:100%;--awb-margin-top-large:0px;--awb-spacing-right-large:1.92%;--awb-margin-bottom-large:20px;--awb-spacing-left-large:1.92%;--awb-width-medium:100%;--awb-order-medium:0;--awb-spacing-right-medium:1.92%;--awb-spacing-left-medium:1.92%;--awb-width-small:100%;--awb-order-small:0;--awb-spacing-right-small:1.92%;--awb-spacing-left-small:1.92%;\"><div class=\"fusion-column-wrapper fusion-column-has-shadow fusion-flex-justify-content-flex-start fusion-content-layout-column\"><div class=\"fusion-title title fusion-title-3 fusion-sep-none fusion-title-text fusion-title-size-two\"><h2 class=\"fusion-title-heading title-heading-left\" style=\"margin:0;\">Alquiler de Pistas de Raquetbol\/Wallyball: Acci\u00f3n interior de alta energ\u00eda<\/h2><\/div><div class=\"fusion-text fusion-text-1\"><p>Ad\u00e9ntrate en el trepidante mundo del racquetball y el wallyball con nuestro alquiler de pistas cubiertas de primera calidad en la Academia de F\u00fatbol de Goshen. Nuestras instalaciones ofrecen pistas de primera calidad dise\u00f1adas para unos reflejos r\u00e1pidos y un juego din\u00e1mico. Tanto si est\u00e1s organizando un partido de liga como si simplemente buscas una divertida sesi\u00f3n sin cita previa, nuestras pistas ofrecen el entorno perfecto para potenciar tus habilidades y disfrutar del juego competitivo. Con las flexibles opciones de alquiler disponibles a trav\u00e9s de nuestra plataforma de Reserva de Pistas, f\u00e1cil de usar, puedes asegurar tu plaza para vivir una emocionante experiencia deportiva en Goshen, Indiana.<\/p>\n<\/div><\/div><\/div><\/div><\/div><div class=\"fusion-fullwidth fullwidth-box fusion-builder-row-3 fusion-flex-container has-pattern-background has-mask-background nonhundred-percent-fullwidth non-hundred-percent-height-scrolling\" style=\"--awb-border-radius-top-left:0px;--awb-border-radius-top-right:0px;--awb-border-radius-bottom-right:0px;--awb-border-radius-bottom-left:0px;--awb-padding-top:96px;--awb-padding-bottom:96px;--awb-flex-wrap:wrap;\" ><div class=\"fusion-builder-row fusion-row fusion-flex-align-items-flex-start fusion-flex-content-wrap\" style=\"max-width:1248px;margin-left: calc(-4% \/ 2 );margin-right: calc(-4% \/ 2 );\"><div class=\"fusion-layout-column fusion_builder_column fusion-builder-column-3 fusion_builder_column_1_2 1_2 fusion-flex-column fusion-flex-align-self-center\" style=\"--awb-bg-size:cover;--awb-width-large:50%;--awb-margin-top-large:0px;--awb-spacing-right-large:3.84%;--awb-margin-bottom-large:20px;--awb-spacing-left-large:3.84%;--awb-width-medium:50%;--awb-order-medium:0;--awb-spacing-right-medium:3.84%;--awb-spacing-left-medium:3.84%;--awb-width-small:100%;--awb-order-small:0;--awb-spacing-right-small:1.92%;--awb-spacing-left-small:1.92%;\"><div class=\"fusion-column-wrapper fusion-column-has-shadow fusion-flex-justify-content-flex-start fusion-content-layout-column\"><div class=\"fusion-title title fusion-title-4 fusion-sep-none fusion-title-text fusion-title-size-two\"><h2 class=\"fusion-title-heading title-heading-left\" style=\"margin:0;\">La r\u00e1pida experiencia de raquetbol y wallyball de Goshen<\/h2><\/div><div class=\"fusion-text fusion-text-2\"><p>Descubre la emoci\u00f3n del racquetball y el wallyball de interior en la Academia de F\u00fatbol de Goshen, donde nuestras instalaciones de \u00faltima generaci\u00f3n est\u00e1n construidas para ofrecer acci\u00f3n deportiva de alta energ\u00eda. Nuestras pistas se mantienen meticulosamente para cumplir las normas profesionales, garantizando una experiencia de juego \u00f3ptima tanto para los deportistas ocasionales como para los de competici\u00f3n. Centrados en la seguridad, el desarrollo de habilidades y la emoci\u00f3n, nuestros programas de racquetball y wallyball ofrecen una experiencia deportiva bajo techo inigualable en Goshen, Indiana. Adopta un deporte que combina velocidad, estrategia y diversi\u00f3n, y lleva tu juego al siguiente nivel en nuestro din\u00e1mico complejo deportivo.<\/p>\n<\/div><div ><a class=\"fusion-button button-flat fusion-button-default-size button-default fusion-button-default button-2 fusion-button-default-span fusion-button-default-type\" target=\"_self\"><span class=\"fusion-button-text awb-button__text awb-button__text--default\">Reserva hoy una pista<\/span><\/a><\/div><\/div><\/div><div class=\"fusion-layout-column fusion_builder_column fusion-builder-column-4 fusion_builder_column_1_2 1_2 fusion-flex-column\" style=\"--awb-bg-size:cover;--awb-width-large:50%;--awb-margin-top-large:0px;--awb-spacing-right-large:3.84%;--awb-margin-bottom-large:20px;--awb-spacing-left-large:3.84%;--awb-width-medium:50%;--awb-order-medium:0;--awb-spacing-right-medium:3.84%;--awb-spacing-left-medium:3.84%;--awb-width-small:100%;--awb-order-small:0;--awb-spacing-right-small:1.92%;--awb-spacing-left-small:1.92%;\"><div class=\"fusion-column-wrapper fusion-column-has-shadow fusion-flex-justify-content-flex-start fusion-content-layout-column\"><div class=\"fusion-image-element \" style=\"--awb-aspect-ratio:1 \/ 1;--awb-caption-title-font-family:var(--h2_typography-font-family);--awb-caption-title-font-weight:var(--h2_typography-font-weight);--awb-caption-title-font-style:var(--h2_typography-font-style);--awb-caption-title-size:var(--h2_typography-font-size);--awb-caption-title-transform:var(--h2_typography-text-transform);--awb-caption-title-line-height:var(--h2_typography-line-height);--awb-caption-title-letter-spacing:var(--h2_typography-letter-spacing);\"><span class=\" fusion-imageframe imageframe-none imageframe-2 hover-type-none has-aspect-ratio\" style=\"border-radius:20px;\"><img decoding=\"async\" width=\"900\" height=\"600\" alt=\"Complejo deportivo de Goshen\" title=\"racquetball4\" src=\"https:\/\/goshensocceracademy.com\/wp-content\/uploads\/2025\/05\/racquetball4.jpg\" class=\"img-responsive wp-image-2308 img-with-aspect-ratio\" data-parent-fit=\"cover\" data-parent-container=\".fusion-image-element\" srcset=\"https:\/\/goshensocceracademy.com\/wp-content\/uploads\/2025\/05\/racquetball4-200x133.jpg 200w, https:\/\/goshensocceracademy.com\/wp-content\/uploads\/2025\/05\/racquetball4-400x267.jpg 400w, https:\/\/goshensocceracademy.com\/wp-content\/uploads\/2025\/05\/racquetball4-600x400.jpg 600w, https:\/\/goshensocceracademy.com\/wp-content\/uploads\/2025\/05\/racquetball4-800x533.jpg 800w, https:\/\/goshensocceracademy.com\/wp-content\/uploads\/2025\/05\/racquetball4.jpg 900w\" sizes=\"(max-width: 640px) 100vw, 600px\" \/><\/span><\/div><\/div><\/div><\/div><\/div><div class=\"fusion-fullwidth fullwidth-box fusion-builder-row-4 fusion-flex-container has-pattern-background has-mask-background nonhundred-percent-fullwidth non-hundred-percent-height-scrolling\" style=\"--awb-border-radius-top-left:0px;--awb-border-radius-top-right:0px;--awb-border-radius-bottom-right:0px;--awb-border-radius-bottom-left:0px;--awb-padding-top:96px;--awb-padding-bottom:96px;--awb-flex-wrap:wrap;\" ><div class=\"fusion-builder-row fusion-row fusion-flex-align-items-flex-start fusion-flex-content-wrap\" style=\"max-width:1248px;margin-left: calc(-4% \/ 2 );margin-right: calc(-4% \/ 2 );\"><div class=\"fusion-layout-column fusion_builder_column fusion-builder-column-5 fusion_builder_column_1_2 1_2 fusion-flex-column\" style=\"--awb-bg-size:cover;--awb-width-large:50%;--awb-margin-top-large:0px;--awb-spacing-right-large:3.84%;--awb-margin-bottom-large:20px;--awb-spacing-left-large:3.84%;--awb-width-medium:50%;--awb-order-medium:0;--awb-spacing-right-medium:3.84%;--awb-spacing-left-medium:3.84%;--awb-width-small:100%;--awb-order-small:0;--awb-spacing-right-small:1.92%;--awb-spacing-left-small:1.92%;\"><div class=\"fusion-column-wrapper fusion-column-has-shadow fusion-flex-justify-content-flex-start fusion-content-layout-column\"><div class=\"fusion-image-element \" style=\"--awb-aspect-ratio:1 \/ 1;--awb-caption-title-font-family:var(--h2_typography-font-family);--awb-caption-title-font-weight:var(--h2_typography-font-weight);--awb-caption-title-font-style:var(--h2_typography-font-style);--awb-caption-title-size:var(--h2_typography-font-size);--awb-caption-title-transform:var(--h2_typography-text-transform);--awb-caption-title-line-height:var(--h2_typography-line-height);--awb-caption-title-letter-spacing:var(--h2_typography-letter-spacing);\"><span class=\" fusion-imageframe imageframe-none imageframe-3 hover-type-none has-aspect-ratio\" style=\"border-radius:20px;\"><img decoding=\"async\" width=\"900\" height=\"600\" alt=\"Complejo deportivo de Goshen\" title=\"racquetball\" src=\"https:\/\/goshensocceracademy.com\/wp-content\/uploads\/2025\/05\/racquetball.jpg\" class=\"img-responsive wp-image-2305 img-with-aspect-ratio\" data-parent-fit=\"cover\" data-parent-container=\".fusion-image-element\" srcset=\"https:\/\/goshensocceracademy.com\/wp-content\/uploads\/2025\/05\/racquetball-200x133.jpg 200w, https:\/\/goshensocceracademy.com\/wp-content\/uploads\/2025\/05\/racquetball-400x267.jpg 400w, https:\/\/goshensocceracademy.com\/wp-content\/uploads\/2025\/05\/racquetball-600x400.jpg 600w, https:\/\/goshensocceracademy.com\/wp-content\/uploads\/2025\/05\/racquetball-800x533.jpg 800w, https:\/\/goshensocceracademy.com\/wp-content\/uploads\/2025\/05\/racquetball.jpg 900w\" sizes=\"(max-width: 640px) 100vw, 600px\" \/><\/span><\/div><\/div><\/div><div class=\"fusion-layout-column fusion_builder_column fusion-builder-column-6 fusion_builder_column_1_2 1_2 fusion-flex-column fusion-flex-align-self-center\" style=\"--awb-bg-size:cover;--awb-width-large:50%;--awb-margin-top-large:0px;--awb-spacing-right-large:3.84%;--awb-margin-bottom-large:20px;--awb-spacing-left-large:3.84%;--awb-width-medium:50%;--awb-order-medium:0;--awb-spacing-right-medium:3.84%;--awb-spacing-left-medium:3.84%;--awb-width-small:100%;--awb-order-small:0;--awb-spacing-right-small:1.92%;--awb-spacing-left-small:1.92%;\"><div class=\"fusion-column-wrapper fusion-column-has-shadow fusion-flex-justify-content-flex-start fusion-content-layout-column\"><div class=\"fusion-title title fusion-title-5 fusion-sep-none fusion-title-text fusion-title-size-two\"><h2 class=\"fusion-title-heading title-heading-left\" style=\"margin:0;\">Racquetball\/Wallyball: \u00bfNecesitas m\u00e1s informaci\u00f3n?<\/h2><\/div><div class=\"fusion-text fusion-text-3\"><p>Si tienes alguna pregunta sobre nuestros alquileres de pistas de racquetball o wallyball, nuestro equipo est\u00e1 preparado para ayudarte. Tanto si tienes curiosidad sobre el precio del alquiler, los procedimientos de reserva o los detalles de las instalaciones, nuestro personal experto de la Academia de F\u00fatbol de Goshen est\u00e1 aqu\u00ed para proporcionarte una asistencia r\u00e1pida y fiable. Visita nuestra p\u00e1gina Contacta con nosotros para obtener asistencia directa y asegurarte de que obtienes las respuestas que necesitas para aprovechar al m\u00e1ximo nuestro complejo deportivo.<\/p>\n<\/div><div ><a class=\"fusion-button button-flat fusion-button-default-size button-default fusion-button-default button-3 fusion-button-default-span fusion-button-default-type\" target=\"_self\"><span class=\"fusion-button-text awb-button__text awb-button__text--default\">\u00bfTienes preguntas? Ponte en contacto con nosotros<\/span><\/a><\/div><\/div><\/div><\/div><\/div><\/p>\n","protected":false},"excerpt":{"rendered":"","protected":false},"author":5,"featured_media":0,"parent":0,"menu_order":0,"comment_status":"closed","ping_status":"closed","template":"100-width.php","meta":{"footnotes":""},"class_list":["post-2426","page","type-page","status-publish","hentry"],"_links":{"self":[{"href":"https:\/\/goshensocceracademy.com\/es\/wp-json\/wp\/v2\/pages\/2426","targetHints":{"allow":["GET"]}}],"collection":[{"href":"https:\/\/goshensocceracademy.com\/es\/wp-json\/wp\/v2\/pages"}],"about":[{"href":"https:\/\/goshensocceracademy.com\/es\/wp-json\/wp\/v2\/types\/page"}],"author":[{"embeddable":true,"href":"https:\/\/goshensocceracademy.com\/es\/wp-json\/wp\/v2\/users\/5"}],"replies":[{"embeddable":true,"href":"https:\/\/goshensocceracademy.com\/es\/wp-json\/wp\/v2\/comments?post=2426"}],"version-history":[{"count":5,"href":"https:\/\/goshensocceracademy.com\/es\/wp-json\/wp\/v2\/pages\/2426\/revisions"}],"predecessor-version":[{"id":2628,"href":"https:\/\/goshensocceracademy.com\/es\/wp-json\/wp\/v2\/pages\/2426\/revisions\/2628"}],"wp:attachment":[{"href":"https:\/\/goshensocceracademy.com\/es\/wp-json\/wp\/v2\/media?parent=2426"}],"curies":[{"name":"wp","href":"https:\/\/api.w.org\/{rel}","templated":true}]}}