{"id":2418,"date":"2025-07-08T15:08:14","date_gmt":"2025-07-08T19:08:14","guid":{"rendered":"https:\/\/goshensocceracademy.com\/futbol-para-adultos\/"},"modified":"2025-07-08T15:08:15","modified_gmt":"2025-07-08T19:08:15","slug":"futbol-para-adultos","status":"publish","type":"page","link":"https:\/\/goshensocceracademy.com\/es\/futbol-para-adultos\/","title":{"rendered":"F\u00fatbol para adultos"},"content":{"rendered":"<p><div class=\"fusion-fullwidth fullwidth-box fusion-builder-row-1 fusion-flex-container fusion-parallax-none nonhundred-percent-fullwidth non-hundred-percent-height-scrolling\" style=\"--awb-background-blend-mode:overlay;--awb-border-radius-top-left:0px;--awb-border-radius-top-right:0px;--awb-border-radius-bottom-right:0px;--awb-border-radius-bottom-left:0px;--awb-padding-top:6%;--awb-padding-bottom:6%;--awb-background-color:hsla(var(--awb-color5-h),var(--awb-color5-s),calc( var(--awb-color5-l) - 45% ),calc( var(--awb-color5-a) - 25% ));--awb-background-image:url(&quot;https:\/\/avada.website\/esports\/wp-content\/uploads\/sites\/127\/2019\/10\/agl-east-coast-qualifiers.jpg&quot;);--awb-background-size:cover;--awb-flex-wrap:wrap;\" ><div class=\"fusion-builder-row fusion-row fusion-flex-align-items-flex-start fusion-flex-content-wrap\" style=\"max-width:calc( 1200px + 0px );margin-left: calc(-0px \/ 2 );margin-right: calc(-0px \/ 2 );\"><div class=\"fusion-layout-column fusion_builder_column fusion-builder-column-0 fusion_builder_column_1_1 1_1 fusion-flex-column fusion-animated\" style=\"--awb-bg-size:cover;--awb-width-large:100%;--awb-margin-top-large:0px;--awb-spacing-right-large:0px;--awb-margin-bottom-large:0px;--awb-spacing-left-large:0px;--awb-width-medium:100%;--awb-spacing-right-medium:0px;--awb-spacing-left-medium:0px;--awb-width-small:100%;--awb-spacing-right-small:0px;--awb-spacing-left-small:0px;\" data-animationType=\"fadeInDown\" data-animationDuration=\"1.0\" data-animationOffset=\"top-into-view\"><div class=\"fusion-column-wrapper fusion-column-has-shadow fusion-flex-justify-content-flex-start fusion-content-layout-column\"><div class=\"fusion-title title fusion-title-1 fusion-sep-none fusion-title-center fusion-title-text fusion-title-size-one\" style=\"--awb-text-color:var(--awb-color1);--awb-margin-bottom:10px;--awb-font-size:3rem;\"><h1 class=\"fusion-title-heading title-heading-center\" style=\"margin:0;font-size:1em;line-height:1.1em;\">F\u00fatbol para adultos<\/h1><\/div><div class=\"fusion-title title fusion-title-2 fusion-sep-none fusion-title-center fusion-title-text fusion-title-size-two\" style=\"--awb-text-color:var(--awb-color1);--awb-margin-bottom:0px;--awb-margin-bottom-small:0px;--awb-font-size:21px;\"><h2 class=\"fusion-title-heading title-heading-center\" style=\"margin:0;font-size:1em;\">Ligas de f\u00fatbol para adultos, juego abierto y entrenamiento avanzado en nuestro pabell\u00f3n cubierto. Experimenta la excelencia competitiva en el complejo deportivo de Goshen Soccer Academy. <\/h2><\/div><div style=\"text-align:center;\"><a class=\"fusion-button button-flat fusion-button-default-size button-default fusion-button-default button-1 fusion-button-default-span fusion-button-default-type\" style=\"--button_margin-top:20px;\" target=\"_blank\" rel=\"noopener noreferrer\" href=\"https:\/\/app.courtreserve.com\/Online\/Reservations\/Bookings\/9998?sId=13675\"><span class=\"fusion-button-text awb-button__text awb-button__text--default\">Reserva un campo de f\u00fatbol<\/span><\/a><\/div><\/div><\/div><\/div><\/div><div class=\"fusion-fullwidth fullwidth-box fusion-builder-row-2 fusion-flex-container has-pattern-background has-mask-background nonhundred-percent-fullwidth non-hundred-percent-height-scrolling\" style=\"--awb-border-radius-top-left:0px;--awb-border-radius-top-right:0px;--awb-border-radius-bottom-right:0px;--awb-border-radius-bottom-left:0px;--awb-padding-top:25px;--awb-padding-bottom:0px;--awb-flex-wrap:wrap;\" ><div class=\"fusion-builder-row fusion-row fusion-flex-align-items-flex-start fusion-flex-content-wrap\" style=\"max-width:1248px;margin-left: calc(-4% \/ 2 );margin-right: calc(-4% \/ 2 );\"><div class=\"fusion-layout-column fusion_builder_column fusion-builder-column-1 fusion_builder_column_1_1 1_1 fusion-flex-column\" style=\"--awb-bg-size:cover;--awb-width-large:100%;--awb-margin-top-large:0px;--awb-spacing-right-large:1.92%;--awb-margin-bottom-large:20px;--awb-spacing-left-large:1.92%;--awb-width-medium:100%;--awb-order-medium:0;--awb-spacing-right-medium:1.92%;--awb-spacing-left-medium:1.92%;--awb-width-small:100%;--awb-order-small:0;--awb-spacing-right-small:1.92%;--awb-spacing-left-small:1.92%;\"><div class=\"fusion-column-wrapper fusion-column-has-shadow fusion-flex-justify-content-flex-start fusion-content-layout-column\"><div class=\"fusion-image-element \" style=\"--awb-aspect-ratio:21 \/ 9;--awb-caption-title-font-family:var(--h2_typography-font-family);--awb-caption-title-font-weight:var(--h2_typography-font-weight);--awb-caption-title-font-style:var(--h2_typography-font-style);--awb-caption-title-size:var(--h2_typography-font-size);--awb-caption-title-transform:var(--h2_typography-text-transform);--awb-caption-title-line-height:var(--h2_typography-line-height);--awb-caption-title-letter-spacing:var(--h2_typography-letter-spacing);\"><span class=\" fusion-imageframe imageframe-none imageframe-1 hover-type-none has-aspect-ratio\" style=\"border-radius:20px;\"><img decoding=\"async\" width=\"2560\" height=\"1920\" alt=\"Complejo deportivo de Goshen\" title=\"IMG_6392\" src=\"https:\/\/goshensocceracademy.com\/wp-content\/uploads\/2025\/02\/IMG_6392-scaled.jpg\" class=\"img-responsive wp-image-1610 img-with-aspect-ratio\" data-parent-fit=\"cover\" data-parent-container=\".fusion-image-element\" srcset=\"https:\/\/goshensocceracademy.com\/wp-content\/uploads\/2025\/02\/IMG_6392-300x225.jpg 300w, https:\/\/goshensocceracademy.com\/wp-content\/uploads\/2025\/02\/IMG_6392-480x360.jpg 480w, https:\/\/goshensocceracademy.com\/wp-content\/uploads\/2025\/02\/IMG_6392-510x382.jpg 510w, https:\/\/goshensocceracademy.com\/wp-content\/uploads\/2025\/02\/IMG_6392-768x576.jpg 768w, https:\/\/goshensocceracademy.com\/wp-content\/uploads\/2025\/02\/IMG_6392-980x735.jpg 980w, https:\/\/goshensocceracademy.com\/wp-content\/uploads\/2025\/02\/IMG_6392-1024x768.jpg 1024w, https:\/\/goshensocceracademy.com\/wp-content\/uploads\/2025\/02\/IMG_6392-1080x810.jpg 1080w, https:\/\/goshensocceracademy.com\/wp-content\/uploads\/2025\/02\/IMG_6392-1280x960.jpg 1280w, https:\/\/goshensocceracademy.com\/wp-content\/uploads\/2025\/02\/IMG_6392-1536x1152.jpg 1536w, https:\/\/goshensocceracademy.com\/wp-content\/uploads\/2025\/02\/IMG_6392-scaled.jpg 2560w\" sizes=\"(max-width: 2560px) 100vw, 2560px\" \/><\/span><\/div><\/div><\/div><div class=\"fusion-layout-column fusion_builder_column fusion-builder-column-2 fusion_builder_column_1_1 1_1 fusion-flex-column fusion-flex-align-self-center\" style=\"--awb-bg-size:cover;--awb-width-large:100%;--awb-margin-top-large:0px;--awb-spacing-right-large:1.92%;--awb-margin-bottom-large:20px;--awb-spacing-left-large:1.92%;--awb-width-medium:100%;--awb-order-medium:0;--awb-spacing-right-medium:1.92%;--awb-spacing-left-medium:1.92%;--awb-width-small:100%;--awb-order-small:0;--awb-spacing-right-small:1.92%;--awb-spacing-left-small:1.92%;\"><div class=\"fusion-column-wrapper fusion-column-has-shadow fusion-flex-justify-content-flex-start fusion-content-layout-column\"><div class=\"fusion-title title fusion-title-3 fusion-sep-none fusion-title-text fusion-title-size-two\"><h2 class=\"fusion-title-heading title-heading-left\" style=\"margin:0;\">Descubre la mejor experiencia de f\u00fatbol sala para adultos de Goshen<\/h2><\/div><div class=\"fusion-text fusion-text-1\"><p>La Academia de F\u00fatbol de Goshen destaca como complejo deportivo de primera categor\u00eda para f\u00fatbol de adultos en Goshen, Indiana. Nuestras instalaciones combinan alquiler de pistas de primera clase, ligas competitivas y un ambiente comunitario de apoyo para crear una experiencia inigualable para los deportistas adultos. Disfruta de un recinto dise\u00f1ado para el m\u00e1ximo rendimiento y la mejora continua. Nuestro enfoque en el juego de alta calidad y el compromiso con la comunidad garantiza que cada partido sea una oportunidad para sobresalir. Explora nuestras opciones de f\u00fatbol sala para adultos y \u00fanete a las filas de los deportistas que nos eligen como destino para entrenar, jugar en la liga y divertirse.    <\/p>\n<\/div><\/div><\/div><\/div><\/div><div class=\"fusion-fullwidth fullwidth-box fusion-builder-row-3 fusion-flex-container has-pattern-background has-mask-background nonhundred-percent-fullwidth non-hundred-percent-height-scrolling\" style=\"--awb-border-radius-top-left:0px;--awb-border-radius-top-right:0px;--awb-border-radius-bottom-right:0px;--awb-border-radius-bottom-left:0px;--awb-padding-top:96px;--awb-padding-bottom:96px;--awb-flex-wrap:wrap;\" ><div class=\"fusion-builder-row fusion-row fusion-flex-align-items-flex-start fusion-flex-content-wrap\" style=\"max-width:1248px;margin-left: calc(-4% \/ 2 );margin-right: calc(-4% \/ 2 );\"><div class=\"fusion-layout-column fusion_builder_column fusion-builder-column-3 fusion_builder_column_1_2 1_2 fusion-flex-column fusion-flex-align-self-center\" style=\"--awb-bg-size:cover;--awb-width-large:50%;--awb-margin-top-large:0px;--awb-spacing-right-large:3.84%;--awb-margin-bottom-large:20px;--awb-spacing-left-large:3.84%;--awb-width-medium:50%;--awb-order-medium:0;--awb-spacing-right-medium:3.84%;--awb-spacing-left-medium:3.84%;--awb-width-small:100%;--awb-order-small:0;--awb-spacing-right-small:1.92%;--awb-spacing-left-small:1.92%;\"><div class=\"fusion-column-wrapper fusion-column-has-shadow fusion-flex-justify-content-flex-start fusion-content-layout-column\"><div class=\"fusion-title title fusion-title-4 fusion-sep-none fusion-title-text fusion-title-size-two\"><h2 class=\"fusion-title-heading title-heading-left\" style=\"margin:0;\">Alquiler de canchas de f\u00fatbol para adultos: Instalaciones Cubiertas Premium<\/h2><\/div><div class=\"fusion-text fusion-text-2\"><p>Experimenta la m\u00e1xima comodidad y calidad con nuestros alquileres de pistas cubiertas en la Academia de F\u00fatbol de Goshen. Nuestras canchas de f\u00fatbol para adultos se mantienen al m\u00e1s alto nivel y ofrecen un entorno competitivo para entrenamientos, partidos de entrenamiento y juego informal. Tanto si est\u00e1s organizando un partido amistoso como un torneo en toda regla, nuestras instalaciones ofrecen horarios flexibles y modernas instalaciones. Alquilar una pista es tan sencillo como reservar en l\u00ednea a trav\u00e9s de nuestra plataforma segura de Reserva de Pistas. Disfruta de unas instalaciones de primera dise\u00f1adas para ayudarte a rendir al m\u00e1ximo cada vez que entres en la cancha.    <\/p>\n<\/div><div ><a class=\"fusion-button button-flat fusion-button-default-size button-default fusion-button-default button-2 fusion-button-default-span fusion-button-default-type\" target=\"_self\"><span class=\"fusion-button-text awb-button__text awb-button__text--default\">Reserva hoy una pista<\/span><\/a><\/div><\/div><\/div><div class=\"fusion-layout-column fusion_builder_column fusion-builder-column-4 fusion_builder_column_1_2 1_2 fusion-flex-column\" style=\"--awb-bg-size:cover;--awb-width-large:50%;--awb-margin-top-large:0px;--awb-spacing-right-large:3.84%;--awb-margin-bottom-large:20px;--awb-spacing-left-large:3.84%;--awb-width-medium:50%;--awb-order-medium:0;--awb-spacing-right-medium:3.84%;--awb-spacing-left-medium:3.84%;--awb-width-small:100%;--awb-order-small:0;--awb-spacing-right-small:1.92%;--awb-spacing-left-small:1.92%;\"><div class=\"fusion-column-wrapper fusion-column-has-shadow fusion-flex-justify-content-flex-start fusion-content-layout-column\"><\/div><\/div><\/div><\/div><div class=\"fusion-fullwidth fullwidth-box fusion-builder-row-4 fusion-flex-container has-pattern-background has-mask-background nonhundred-percent-fullwidth non-hundred-percent-height-scrolling\" style=\"--awb-border-radius-top-left:0px;--awb-border-radius-top-right:0px;--awb-border-radius-bottom-right:0px;--awb-border-radius-bottom-left:0px;--awb-padding-top:96px;--awb-padding-bottom:96px;--awb-flex-wrap:wrap;\" ><div class=\"fusion-builder-row fusion-row fusion-flex-align-items-flex-start fusion-flex-content-wrap\" style=\"max-width:1248px;margin-left: calc(-4% \/ 2 );margin-right: calc(-4% \/ 2 );\"><div class=\"fusion-layout-column fusion_builder_column fusion-builder-column-5 fusion_builder_column_1_2 1_2 fusion-flex-column\" style=\"--awb-bg-size:cover;--awb-width-large:50%;--awb-margin-top-large:0px;--awb-spacing-right-large:3.84%;--awb-margin-bottom-large:20px;--awb-spacing-left-large:3.84%;--awb-width-medium:50%;--awb-order-medium:0;--awb-spacing-right-medium:3.84%;--awb-spacing-left-medium:3.84%;--awb-width-small:100%;--awb-order-small:0;--awb-spacing-right-small:1.92%;--awb-spacing-left-small:1.92%;\"><div class=\"fusion-column-wrapper fusion-column-has-shadow fusion-flex-justify-content-flex-start fusion-content-layout-column\"><\/div><\/div><div class=\"fusion-layout-column fusion_builder_column fusion-builder-column-6 fusion_builder_column_1_2 1_2 fusion-flex-column fusion-flex-align-self-center\" style=\"--awb-bg-size:cover;--awb-width-large:50%;--awb-margin-top-large:0px;--awb-spacing-right-large:3.84%;--awb-margin-bottom-large:20px;--awb-spacing-left-large:3.84%;--awb-width-medium:50%;--awb-order-medium:0;--awb-spacing-right-medium:3.84%;--awb-spacing-left-medium:3.84%;--awb-width-small:100%;--awb-order-small:0;--awb-spacing-right-small:1.92%;--awb-spacing-left-small:1.92%;\"><div class=\"fusion-column-wrapper fusion-column-has-shadow fusion-flex-justify-content-flex-start fusion-content-layout-column\"><div class=\"fusion-title title fusion-title-5 fusion-sep-none fusion-title-text fusion-title-size-two\"><h2 class=\"fusion-title-heading title-heading-left\" style=\"margin:0;\">Ligas de f\u00fatbol para adultos: Juego competitivo y comunidad<\/h2><\/div><div class=\"fusion-text fusion-text-3\"><p>\u00danete a nuestras competitivas ligas de f\u00fatbol para adultos que re\u00fanen a jugadores de todos los niveles de habilidad en un entorno divertido y desafiante. En Goshen Soccer Academy, valoramos tanto el rendimiento como el esp\u00edritu de comunidad. Nuestras ligas est\u00e1n estructuradas para fomentar el trabajo en equipo, el juego estrat\u00e9gico y la mejora continua. Tanto si eres un atleta experimentado como si quieres mejorar tu forma f\u00edsica, nuestras ligas cubiertas ofrecen la mezcla perfecta de competici\u00f3n y camarader\u00eda. Ap\u00fantate hoy mismo y forma parte de una vibrante comunidad que comparte tu pasi\u00f3n por el juego.    <\/p>\n<\/div><div ><a class=\"fusion-button button-flat fusion-button-default-size button-default fusion-button-default button-3 fusion-button-default-span fusion-button-default-type\" target=\"_self\"><span class=\"fusion-button-text awb-button__text awb-button__text--default\">Apertura de inscripciones en junio<\/span><\/a><\/div><\/div><\/div><\/div><\/div><div class=\"fusion-fullwidth fullwidth-box fusion-builder-row-5 fusion-flex-container has-pattern-background has-mask-background nonhundred-percent-fullwidth non-hundred-percent-height-scrolling\" style=\"--awb-border-radius-top-left:0px;--awb-border-radius-top-right:0px;--awb-border-radius-bottom-right:0px;--awb-border-radius-bottom-left:0px;--awb-padding-top:96px;--awb-padding-bottom:96px;--awb-flex-wrap:wrap;\" ><div class=\"fusion-builder-row fusion-row fusion-flex-align-items-flex-start fusion-flex-content-wrap\" style=\"max-width:1248px;margin-left: calc(-4% \/ 2 );margin-right: calc(-4% \/ 2 );\"><div class=\"fusion-layout-column fusion_builder_column fusion-builder-column-7 fusion_builder_column_1_2 1_2 fusion-flex-column fusion-flex-align-self-center\" style=\"--awb-bg-size:cover;--awb-width-large:50%;--awb-margin-top-large:0px;--awb-spacing-right-large:3.84%;--awb-margin-bottom-large:20px;--awb-spacing-left-large:3.84%;--awb-width-medium:50%;--awb-order-medium:0;--awb-spacing-right-medium:3.84%;--awb-spacing-left-medium:3.84%;--awb-width-small:100%;--awb-order-small:0;--awb-spacing-right-small:1.92%;--awb-spacing-left-small:1.92%;\"><div class=\"fusion-column-wrapper fusion-column-has-shadow fusion-flex-justify-content-flex-start fusion-content-layout-column\"><div class=\"fusion-title title fusion-title-6 fusion-sep-none fusion-title-text fusion-title-size-two\"><h2 class=\"fusion-title-heading title-heading-left\" style=\"margin:0;\">F\u00fatbol para adultos: Estamos aqu\u00ed para responder a tus preguntas<\/h2><\/div><div class=\"fusion-text fusion-text-4\"><p>\u00bfPreguntas sobre programaci\u00f3n, reglas de la liga o precios de alquiler? Nuestro equipo de la Academia de F\u00fatbol de Goshen est\u00e1 a s\u00f3lo un clic de distancia. Damos la bienvenida a todas las consultas relacionadas con nuestros programas de f\u00fatbol para adultos. Visita nuestra p\u00e1gina Contacta con nosotros para hablar con nuestro amable personal y recibir asistencia personalizada que te ayude a sacar el m\u00e1ximo partido de nuestro complejo deportivo.   <\/p>\n<\/div><div ><a class=\"fusion-button button-flat fusion-button-default-size button-default fusion-button-default button-4 fusion-button-default-span fusion-button-default-type\" target=\"_self\"><span class=\"fusion-button-text awb-button__text awb-button__text--default\">\u00bfTienes preguntas? Ponte en contacto con nosotros<\/span><\/a><\/div><\/div><\/div><div class=\"fusion-layout-column fusion_builder_column fusion-builder-column-8 fusion_builder_column_1_2 1_2 fusion-flex-column\" style=\"--awb-bg-size:cover;--awb-width-large:50%;--awb-margin-top-large:0px;--awb-spacing-right-large:3.84%;--awb-margin-bottom-large:20px;--awb-spacing-left-large:3.84%;--awb-width-medium:50%;--awb-order-medium:0;--awb-spacing-right-medium:3.84%;--awb-spacing-left-medium:3.84%;--awb-width-small:100%;--awb-order-small:0;--awb-spacing-right-small:1.92%;--awb-spacing-left-small:1.92%;\"><div class=\"fusion-column-wrapper fusion-column-has-shadow fusion-flex-justify-content-flex-start fusion-content-layout-column\"><\/div><\/div><\/div><\/div><\/p>\n","protected":false},"excerpt":{"rendered":"","protected":false},"author":5,"featured_media":0,"parent":0,"menu_order":0,"comment_status":"closed","ping_status":"closed","template":"100-width.php","meta":{"footnotes":""},"class_list":["post-2418","page","type-page","status-publish","hentry"],"_links":{"self":[{"href":"https:\/\/goshensocceracademy.com\/es\/wp-json\/wp\/v2\/pages\/2418","targetHints":{"allow":["GET"]}}],"collection":[{"href":"https:\/\/goshensocceracademy.com\/es\/wp-json\/wp\/v2\/pages"}],"about":[{"href":"https:\/\/goshensocceracademy.com\/es\/wp-json\/wp\/v2\/types\/page"}],"author":[{"embeddable":true,"href":"https:\/\/goshensocceracademy.com\/es\/wp-json\/wp\/v2\/users\/5"}],"replies":[{"embeddable":true,"href":"https:\/\/goshensocceracademy.com\/es\/wp-json\/wp\/v2\/comments?post=2418"}],"version-history":[{"count":3,"href":"https:\/\/goshensocceracademy.com\/es\/wp-json\/wp\/v2\/pages\/2418\/revisions"}],"predecessor-version":[{"id":2421,"href":"https:\/\/goshensocceracademy.com\/es\/wp-json\/wp\/v2\/pages\/2418\/revisions\/2421"}],"wp:attachment":[{"href":"https:\/\/goshensocceracademy.com\/es\/wp-json\/wp\/v2\/media?parent=2418"}],"curies":[{"name":"wp","href":"https:\/\/api.w.org\/{rel}","templated":true}]}}