{"id":2413,"date":"2025-07-08T15:08:12","date_gmt":"2025-07-08T19:08:12","guid":{"rendered":"https:\/\/goshensocceracademy.com\/voleibol\/"},"modified":"2026-04-02T19:23:06","modified_gmt":"2026-04-02T23:23:06","slug":"voleibol","status":"publish","type":"page","link":"https:\/\/goshensocceracademy.com\/es\/voleibol\/","title":{"rendered":"Voleibol"},"content":{"rendered":"<p><div class=\"fusion-fullwidth fullwidth-box fusion-builder-row-1 fusion-flex-container fusion-parallax-none nonhundred-percent-fullwidth non-hundred-percent-height-scrolling\" style=\"--awb-background-blend-mode:overlay;--awb-border-radius-top-left:0px;--awb-border-radius-top-right:0px;--awb-border-radius-bottom-right:0px;--awb-border-radius-bottom-left:0px;--awb-padding-top:6%;--awb-padding-bottom:6%;--awb-background-color:hsla(var(--awb-color5-h),var(--awb-color5-s),calc( var(--awb-color5-l) - 45% ),calc( var(--awb-color5-a) - 25% ));--awb-background-image:url(&quot;https:\/\/avada.website\/esports\/wp-content\/uploads\/sites\/127\/2019\/10\/agl-east-coast-qualifiers.jpg&quot;);--awb-background-size:cover;--awb-flex-wrap:wrap;\" ><div class=\"fusion-builder-row fusion-row fusion-flex-align-items-flex-start fusion-flex-content-wrap\" style=\"max-width:calc( 1200px + 0px );margin-left: calc(-0px \/ 2 );margin-right: calc(-0px \/ 2 );\"><div class=\"fusion-layout-column fusion_builder_column fusion-builder-column-0 fusion_builder_column_1_1 1_1 fusion-flex-column fusion-animated\" style=\"--awb-bg-size:cover;--awb-width-large:100%;--awb-margin-top-large:0px;--awb-spacing-right-large:0px;--awb-margin-bottom-large:0px;--awb-spacing-left-large:0px;--awb-width-medium:100%;--awb-spacing-right-medium:0px;--awb-spacing-left-medium:0px;--awb-width-small:100%;--awb-spacing-right-small:0px;--awb-spacing-left-small:0px;\" data-animationType=\"fadeInDown\" data-animationDuration=\"1.0\" data-animationOffset=\"top-into-view\"><div class=\"fusion-column-wrapper fusion-column-has-shadow fusion-flex-justify-content-flex-start fusion-content-layout-column\"><div class=\"fusion-title title fusion-title-1 fusion-sep-none fusion-title-center fusion-title-text fusion-title-size-one\" style=\"--awb-text-color:var(--awb-color1);--awb-margin-bottom:10px;--awb-font-size:3rem;\"><h1 class=\"fusion-title-heading title-heading-center\" style=\"margin:0;font-size:1em;\">Voleibol<\/h1><\/div><div class=\"fusion-title title fusion-title-2 fusion-sep-none fusion-title-center fusion-title-text fusion-title-size-two\" style=\"--awb-text-color:var(--awb-color1);--awb-margin-bottom:0px;--awb-margin-bottom-small:0px;--awb-font-size:21px;\"><h2 class=\"fusion-title-heading title-heading-center\" style=\"margin:0;font-size:1em;\">Ligas de voleibol, juegos sin cita previa y cl\u00ednics de habilidades para todas las edades. \u00danete al en\u00e9rgico ambiente del complejo deportivo Goshen Soccer Academy.<\/h2><\/div><div style=\"text-align:center;\"><a class=\"fusion-button button-flat fusion-button-default-size button-default fusion-button-default button-1 fusion-button-default-span fusion-button-default-type\" style=\"--button_margin-top:20px;\" target=\"_blank\" rel=\"noopener noreferrer\" href=\"https:\/\/app.courtreserve.com\/Online\/Reservations\/Bookings\/9998?sId=18726\"><span class=\"fusion-button-text awb-button__text awb-button__text--default\">Reservar una pista de voleibol<\/span><\/a><\/div><div style=\"text-align:center;\"><a class=\"fusion-button button-flat fusion-button-default-size button-default fusion-button-default button-2 fusion-button-default-span fusion-button-default-type\" target=\"_self\" href=\"https:\/\/app.courtreserve.com\/Online\/Events\/List\/9998\/DILMEAC8Y49998\" rel=\"noopener\"><span class=\"fusion-button-text awb-button__text awb-button__text--default\">\u00a1Ap\u00fantate al voleibol de primavera!<\/span><\/a><\/div><\/div><\/div><\/div><\/div><div class=\"fusion-fullwidth fullwidth-box fusion-builder-row-2 fusion-flex-container has-pattern-background has-mask-background nonhundred-percent-fullwidth non-hundred-percent-height-scrolling\" style=\"--awb-border-radius-top-left:0px;--awb-border-radius-top-right:0px;--awb-border-radius-bottom-right:0px;--awb-border-radius-bottom-left:0px;--awb-padding-top:25px;--awb-padding-bottom:0px;--awb-flex-wrap:wrap;\" ><div class=\"fusion-builder-row fusion-row fusion-flex-align-items-flex-start fusion-flex-content-wrap\" style=\"max-width:1248px;margin-left: calc(-4% \/ 2 );margin-right: calc(-4% \/ 2 );\"><div class=\"fusion-layout-column fusion_builder_column fusion-builder-column-1 fusion_builder_column_1_1 1_1 fusion-flex-column fusion-flex-align-self-center\" style=\"--awb-bg-size:cover;--awb-width-large:100%;--awb-margin-top-large:0px;--awb-spacing-right-large:1.92%;--awb-margin-bottom-large:20px;--awb-spacing-left-large:1.92%;--awb-width-medium:100%;--awb-order-medium:0;--awb-spacing-right-medium:1.92%;--awb-spacing-left-medium:1.92%;--awb-width-small:100%;--awb-order-small:0;--awb-spacing-right-small:1.92%;--awb-spacing-left-small:1.92%;\"><div class=\"fusion-column-wrapper fusion-column-has-shadow fusion-flex-justify-content-flex-start fusion-content-layout-column\"><div class=\"fusion-title title fusion-title-3 fusion-sep-none fusion-title-text fusion-title-size-two\"><h2 class=\"fusion-title-heading title-heading-left\" style=\"margin:0;\">La mejor experiencia de voleibol en pista cubierta de Goshen<\/h2><\/div><div class=\"fusion-text fusion-text-1\"><p>Goshen Soccer Academy se enorgullece de ser uno de los principales destinos de voleibol de interior en Goshen, Indiana. Nuestras vers\u00e1tiles instalaciones dan cabida tanto a ligas organizadas como a sesiones sin cita previa, lo que facilita que jugadores de todas las edades disfruten de este deporte durante todo el a\u00f1o. Nuestros programas de voleibol, centrados en el juego de alto calibre, las instalaciones modernas y una comunidad solidaria, est\u00e1n dise\u00f1ados para potenciar tus habilidades y tu experiencia de juego en general. Tanto si te apuntas a una liga, como si alquilas una pista o juegas en horario abierto, encontrar\u00e1s todo lo que necesitas para destacar en el voleibol de interior.<\/p>\n<\/div><\/div><\/div><\/div><\/div><div class=\"fusion-fullwidth fullwidth-box fusion-builder-row-3 fusion-flex-container has-pattern-background has-mask-background nonhundred-percent-fullwidth non-hundred-percent-height-scrolling\" style=\"--awb-border-radius-top-left:0px;--awb-border-radius-top-right:0px;--awb-border-radius-bottom-right:0px;--awb-border-radius-bottom-left:0px;--awb-padding-top:96px;--awb-padding-bottom:96px;--awb-flex-wrap:wrap;\" ><div class=\"fusion-builder-row fusion-row fusion-flex-align-items-flex-start fusion-flex-content-wrap\" style=\"max-width:1248px;margin-left: calc(-4% \/ 2 );margin-right: calc(-4% \/ 2 );\"><div class=\"fusion-layout-column fusion_builder_column fusion-builder-column-2 fusion_builder_column_1_2 1_2 fusion-flex-column fusion-flex-align-self-center\" style=\"--awb-bg-size:cover;--awb-width-large:50%;--awb-margin-top-large:0px;--awb-spacing-right-large:3.84%;--awb-margin-bottom-large:20px;--awb-spacing-left-large:3.84%;--awb-width-medium:50%;--awb-order-medium:0;--awb-spacing-right-medium:3.84%;--awb-spacing-left-medium:3.84%;--awb-width-small:100%;--awb-order-small:0;--awb-spacing-right-small:1.92%;--awb-spacing-left-small:1.92%;\"><div class=\"fusion-column-wrapper fusion-column-has-shadow fusion-flex-justify-content-flex-start fusion-content-layout-column\"><div class=\"fusion-title title fusion-title-4 fusion-sep-none fusion-title-text fusion-title-size-two\"><h2 class=\"fusion-title-heading title-heading-left\" style=\"margin:0;\">Alquiler de pistas de voleibol: Instalaciones cubiertas Elite<\/h2><\/div><div class=\"fusion-text fusion-text-2\"><p>En la Academia de F\u00fatbol de Goshen, nuestras pistas de voleibol cubiertas est\u00e1n dise\u00f1adas para satisfacer las necesidades tanto de atletas serios como de jugadores ocasionales. Alquila nuestras pistas de \u00faltima generaci\u00f3n para jugar en ligas, sesiones de entrenamiento o partidos amistosos. Nuestras instalaciones est\u00e1n dise\u00f1adas para ofrecer un rendimiento \u00f3ptimo, con superficies de alta calidad y equipamiento profesional. La reserva es r\u00e1pida y segura a trav\u00e9s de nuestro sistema online de Reserva de Pistas. Si quieres organizar un torneo o simplemente disfrutar de un partido con amigos, nuestras pistas de voleibol de alquiler son el lugar perfecto en Goshen, Indiana.<\/p>\n<\/div><div ><a class=\"fusion-button button-flat fusion-button-default-size button-default fusion-button-default button-3 fusion-button-default-span fusion-button-default-type\" target=\"_self\"><span class=\"fusion-button-text awb-button__text awb-button__text--default\">Reserva hoy una pista de voleibol<\/span><\/a><\/div><\/div><\/div><div class=\"fusion-layout-column fusion_builder_column fusion-builder-column-3 fusion_builder_column_1_2 1_2 fusion-flex-column\" style=\"--awb-bg-size:cover;--awb-width-large:50%;--awb-margin-top-large:0px;--awb-spacing-right-large:3.84%;--awb-margin-bottom-large:20px;--awb-spacing-left-large:3.84%;--awb-width-medium:50%;--awb-order-medium:0;--awb-spacing-right-medium:3.84%;--awb-spacing-left-medium:3.84%;--awb-width-small:100%;--awb-order-small:0;--awb-spacing-right-small:1.92%;--awb-spacing-left-small:1.92%;\"><div class=\"fusion-column-wrapper fusion-column-has-shadow fusion-flex-justify-content-flex-start fusion-content-layout-column\"><div class=\"fusion-image-element \" style=\"--awb-aspect-ratio:1 \/ 1;--awb-caption-title-font-family:var(--h2_typography-font-family);--awb-caption-title-font-weight:var(--h2_typography-font-weight);--awb-caption-title-font-style:var(--h2_typography-font-style);--awb-caption-title-size:var(--h2_typography-font-size);--awb-caption-title-transform:var(--h2_typography-text-transform);--awb-caption-title-line-height:var(--h2_typography-line-height);--awb-caption-title-letter-spacing:var(--h2_typography-letter-spacing);\"><span class=\" fusion-imageframe imageframe-none imageframe-1 hover-type-none has-aspect-ratio\"><img decoding=\"async\" width=\"300\" height=\"225\" title=\"IMG_2680\" src=\"https:\/\/goshensocceracademy.com\/wp-content\/uploads\/2025\/07\/IMG_2680-300x225.jpg\" class=\"img-responsive wp-image-2652 img-with-aspect-ratio\" data-parent-fit=\"cover\" data-parent-container=\".fusion-image-element\" alt srcset=\"https:\/\/goshensocceracademy.com\/wp-content\/uploads\/2025\/07\/IMG_2680-200x150.jpg 200w, https:\/\/goshensocceracademy.com\/wp-content\/uploads\/2025\/07\/IMG_2680-400x300.jpg 400w, https:\/\/goshensocceracademy.com\/wp-content\/uploads\/2025\/07\/IMG_2680-600x450.jpg 600w, https:\/\/goshensocceracademy.com\/wp-content\/uploads\/2025\/07\/IMG_2680-800x600.jpg 800w, https:\/\/goshensocceracademy.com\/wp-content\/uploads\/2025\/07\/IMG_2680-1200x900.jpg 1200w\" sizes=\"(max-width: 640px) 100vw, 600px\" \/><\/span><\/div><\/div><\/div><\/div><\/div><div class=\"fusion-fullwidth fullwidth-box fusion-builder-row-4 fusion-flex-container has-pattern-background has-mask-background nonhundred-percent-fullwidth non-hundred-percent-height-scrolling\" style=\"--awb-border-radius-top-left:0px;--awb-border-radius-top-right:0px;--awb-border-radius-bottom-right:0px;--awb-border-radius-bottom-left:0px;--awb-padding-top:96px;--awb-padding-bottom:96px;--awb-flex-wrap:wrap;\" ><div class=\"fusion-builder-row fusion-row fusion-flex-align-items-flex-start fusion-flex-content-wrap\" style=\"max-width:1248px;margin-left: calc(-4% \/ 2 );margin-right: calc(-4% \/ 2 );\"><div class=\"fusion-layout-column fusion_builder_column fusion-builder-column-4 fusion_builder_column_1_2 1_2 fusion-flex-column\" style=\"--awb-bg-size:cover;--awb-width-large:50%;--awb-margin-top-large:0px;--awb-spacing-right-large:3.84%;--awb-margin-bottom-large:20px;--awb-spacing-left-large:3.84%;--awb-width-medium:50%;--awb-order-medium:0;--awb-spacing-right-medium:3.84%;--awb-spacing-left-medium:3.84%;--awb-width-small:100%;--awb-order-small:0;--awb-spacing-right-small:1.92%;--awb-spacing-left-small:1.92%;\"><div class=\"fusion-column-wrapper fusion-column-has-shadow fusion-flex-justify-content-flex-start fusion-content-layout-column\"><div class=\"fusion-image-element \" style=\"--awb-aspect-ratio:1 \/ 1;--awb-caption-title-font-family:var(--h2_typography-font-family);--awb-caption-title-font-weight:var(--h2_typography-font-weight);--awb-caption-title-font-style:var(--h2_typography-font-style);--awb-caption-title-size:var(--h2_typography-font-size);--awb-caption-title-transform:var(--h2_typography-text-transform);--awb-caption-title-line-height:var(--h2_typography-line-height);--awb-caption-title-letter-spacing:var(--h2_typography-letter-spacing);\"><span class=\" fusion-imageframe imageframe-none imageframe-2 hover-type-none has-aspect-ratio\"><img decoding=\"async\" width=\"300\" height=\"225\" title=\"IMG_4285\" src=\"https:\/\/goshensocceracademy.com\/wp-content\/uploads\/2025\/07\/IMG_4285-300x225.jpeg\" class=\"img-responsive wp-image-2709 img-with-aspect-ratio\" data-parent-fit=\"cover\" data-parent-container=\".fusion-image-element\" alt srcset=\"https:\/\/goshensocceracademy.com\/wp-content\/uploads\/2025\/07\/IMG_4285-200x150.jpeg 200w, https:\/\/goshensocceracademy.com\/wp-content\/uploads\/2025\/07\/IMG_4285-400x300.jpeg 400w, https:\/\/goshensocceracademy.com\/wp-content\/uploads\/2025\/07\/IMG_4285-600x450.jpeg 600w, https:\/\/goshensocceracademy.com\/wp-content\/uploads\/2025\/07\/IMG_4285-800x600.jpeg 800w, https:\/\/goshensocceracademy.com\/wp-content\/uploads\/2025\/07\/IMG_4285-1200x900.jpeg 1200w\" sizes=\"(max-width: 640px) 100vw, 600px\" \/><\/span><\/div><\/div><\/div><div class=\"fusion-layout-column fusion_builder_column fusion-builder-column-5 fusion_builder_column_1_2 1_2 fusion-flex-column fusion-flex-align-self-center\" style=\"--awb-bg-size:cover;--awb-width-large:50%;--awb-margin-top-large:0px;--awb-spacing-right-large:3.84%;--awb-margin-bottom-large:20px;--awb-spacing-left-large:3.84%;--awb-width-medium:50%;--awb-order-medium:0;--awb-spacing-right-medium:3.84%;--awb-spacing-left-medium:3.84%;--awb-width-small:100%;--awb-order-small:0;--awb-spacing-right-small:1.92%;--awb-spacing-left-small:1.92%;\"><div class=\"fusion-column-wrapper fusion-column-has-shadow fusion-flex-justify-content-flex-start fusion-content-layout-column\"><div class=\"fusion-title title fusion-title-5 fusion-sep-none fusion-title-text fusion-title-size-two\"><h2 class=\"fusion-title-heading title-heading-left\" style=\"margin:0;\">Ligas de voleibol: Juego Competitivo y Divertido en Pista Cubierta<\/h2><\/div><div class=\"fusion-text fusion-text-3\"><p>\u00danete a nuestras ligas de voleibol de interior y experimenta la emoci\u00f3n del juego competitivo en un entorno de apoyo. Nuestras ligas se adaptan a todos los niveles de habilidad -desde principiantes hasta profesionales experimentados- y son una forma fant\u00e1stica de mejorar tu juego a la vez que construyes relaciones duraderas. En Goshen Soccer Academy creemos que el voleibol no es s\u00f3lo un deporte, sino una experiencia comunitaria. Nuestras ligas proporcionan una plataforma para que los jugadores se desaf\u00eden a s\u00ed mismos, desarrollen nuevas habilidades y disfruten de cada momento del juego.<\/p>\n<\/div><div ><a class=\"fusion-button button-flat fusion-button-default-size button-default fusion-button-default button-4 fusion-button-default-span fusion-button-default-type\" target=\"_self\" href=\"https:\/\/app.courtreserve.com\/Online\/Events\/List\/9998?evTypeId=69428\" rel=\"noopener\"><span class=\"fusion-button-text awb-button__text awb-button__text--default\">\u00a1Ap\u00fantate a las ligas de voleibol de primavera!<\/span><\/a><\/div><\/div><\/div><\/div><\/div><div class=\"fusion-fullwidth fullwidth-box fusion-builder-row-5 fusion-flex-container has-pattern-background has-mask-background nonhundred-percent-fullwidth non-hundred-percent-height-scrolling\" style=\"--awb-border-radius-top-left:0px;--awb-border-radius-top-right:0px;--awb-border-radius-bottom-right:0px;--awb-border-radius-bottom-left:0px;--awb-padding-top:96px;--awb-padding-bottom:96px;--awb-flex-wrap:wrap;\" ><div class=\"fusion-builder-row fusion-row fusion-flex-align-items-flex-start fusion-flex-content-wrap\" style=\"max-width:1248px;margin-left: calc(-4% \/ 2 );margin-right: calc(-4% \/ 2 );\"><div class=\"fusion-layout-column fusion_builder_column fusion-builder-column-6 fusion_builder_column_1_2 1_2 fusion-flex-column fusion-flex-align-self-center\" style=\"--awb-bg-size:cover;--awb-width-large:50%;--awb-margin-top-large:0px;--awb-spacing-right-large:3.84%;--awb-margin-bottom-large:20px;--awb-spacing-left-large:3.84%;--awb-width-medium:50%;--awb-order-medium:0;--awb-spacing-right-medium:3.84%;--awb-spacing-left-medium:3.84%;--awb-width-small:100%;--awb-order-small:0;--awb-spacing-right-small:1.92%;--awb-spacing-left-small:1.92%;\"><div class=\"fusion-column-wrapper fusion-column-has-shadow fusion-flex-justify-content-flex-start fusion-content-layout-column\"><div class=\"fusion-title title fusion-title-6 fusion-sep-none fusion-title-text fusion-title-size-two\"><h2 class=\"fusion-title-heading title-heading-left\" style=\"margin:0;\">Juego Abierto de Voleibol: Diversi\u00f3n sin cita previa todo el d\u00eda<\/h2><\/div><div class=\"fusion-text fusion-text-4\"><p>Aprovecha nuestras flexibles horas de juego abierto para jugar al voleibol. Tanto si lo que buscas es un partido informal, practicar o reunirte con otros aficionados, nuestras pistas cubiertas est\u00e1n disponibles durante las horas de apertura designadas. Con un sencillo y \u00e1gil proceso de reserva a trav\u00e9s de la Reserva de Pistas, puedes entrar en acci\u00f3n con facilidad. Disfruta de un ambiente relajado que sigue haciendo hincapi\u00e9 en la calidad del juego y la seguridad. Nuestras sesiones de juego abierto son perfectas tanto para partidas espont\u00e1neas como para perfeccionar habilidades.<\/p>\n<\/div><div ><a class=\"fusion-button button-flat fusion-button-default-size button-default fusion-button-default button-5 fusion-button-default-span fusion-button-default-type\" target=\"_blank\" rel=\"noopener noreferrer\" href=\"https:\/\/app.courtreserve.com\/Online\/Portal\/Index\/9998\"><span class=\"fusion-button-text awb-button__text awb-button__text--default\">Inscr\u00edbete en CourtReserve<\/span><\/a><\/div><\/div><\/div><div class=\"fusion-layout-column fusion_builder_column fusion-builder-column-7 fusion_builder_column_1_2 1_2 fusion-flex-column\" style=\"--awb-bg-size:cover;--awb-width-large:50%;--awb-margin-top-large:0px;--awb-spacing-right-large:3.84%;--awb-margin-bottom-large:20px;--awb-spacing-left-large:3.84%;--awb-width-medium:50%;--awb-order-medium:0;--awb-spacing-right-medium:3.84%;--awb-spacing-left-medium:3.84%;--awb-width-small:100%;--awb-order-small:0;--awb-spacing-right-small:1.92%;--awb-spacing-left-small:1.92%;\"><div class=\"fusion-column-wrapper fusion-column-has-shadow fusion-flex-justify-content-flex-start fusion-content-layout-column\"><div class=\"fusion-image-element \" style=\"--awb-aspect-ratio:1 \/ 1;--awb-caption-title-font-family:var(--h2_typography-font-family);--awb-caption-title-font-weight:var(--h2_typography-font-weight);--awb-caption-title-font-style:var(--h2_typography-font-style);--awb-caption-title-size:var(--h2_typography-font-size);--awb-caption-title-transform:var(--h2_typography-text-transform);--awb-caption-title-line-height:var(--h2_typography-line-height);--awb-caption-title-letter-spacing:var(--h2_typography-letter-spacing);\"><span class=\" fusion-imageframe imageframe-none imageframe-3 hover-type-none has-aspect-ratio\"><img decoding=\"async\" width=\"300\" height=\"225\" title=\"IMG_4284\" src=\"https:\/\/goshensocceracademy.com\/wp-content\/uploads\/2025\/07\/IMG_4284-300x225.jpeg\" class=\"img-responsive wp-image-2707 img-with-aspect-ratio\" data-parent-fit=\"cover\" data-parent-container=\".fusion-image-element\" alt srcset=\"https:\/\/goshensocceracademy.com\/wp-content\/uploads\/2025\/07\/IMG_4284-200x150.jpeg 200w, https:\/\/goshensocceracademy.com\/wp-content\/uploads\/2025\/07\/IMG_4284-400x300.jpeg 400w, https:\/\/goshensocceracademy.com\/wp-content\/uploads\/2025\/07\/IMG_4284-600x450.jpeg 600w, https:\/\/goshensocceracademy.com\/wp-content\/uploads\/2025\/07\/IMG_4284-800x600.jpeg 800w, https:\/\/goshensocceracademy.com\/wp-content\/uploads\/2025\/07\/IMG_4284-1200x900.jpeg 1200w\" sizes=\"(max-width: 640px) 100vw, 600px\" \/><\/span><\/div><\/div><\/div><\/div><\/div><\/p>\n","protected":false},"excerpt":{"rendered":"","protected":false},"author":5,"featured_media":0,"parent":0,"menu_order":0,"comment_status":"closed","ping_status":"closed","template":"100-width.php","meta":{"footnotes":""},"class_list":["post-2413","page","type-page","status-publish","hentry"],"_links":{"self":[{"href":"https:\/\/goshensocceracademy.com\/es\/wp-json\/wp\/v2\/pages\/2413","targetHints":{"allow":["GET"]}}],"collection":[{"href":"https:\/\/goshensocceracademy.com\/es\/wp-json\/wp\/v2\/pages"}],"about":[{"href":"https:\/\/goshensocceracademy.com\/es\/wp-json\/wp\/v2\/types\/page"}],"author":[{"embeddable":true,"href":"https:\/\/goshensocceracademy.com\/es\/wp-json\/wp\/v2\/users\/5"}],"replies":[{"embeddable":true,"href":"https:\/\/goshensocceracademy.com\/es\/wp-json\/wp\/v2\/comments?post=2413"}],"version-history":[{"count":5,"href":"https:\/\/goshensocceracademy.com\/es\/wp-json\/wp\/v2\/pages\/2413\/revisions"}],"predecessor-version":[{"id":3145,"href":"https:\/\/goshensocceracademy.com\/es\/wp-json\/wp\/v2\/pages\/2413\/revisions\/3145"}],"wp:attachment":[{"href":"https:\/\/goshensocceracademy.com\/es\/wp-json\/wp\/v2\/media?parent=2413"}],"curies":[{"name":"wp","href":"https:\/\/api.w.org\/{rel}","templated":true}]}}